{"id":99,"date":"2021-10-05T14:23:49","date_gmt":"2021-10-05T14:23:49","guid":{"rendered":"https:\/\/www.fischweg.ch\/?page_id=99"},"modified":"2022-05-01T19:49:18","modified_gmt":"2022-05-01T19:49:18","slug":"unterhalt","status":"publish","type":"page","link":"https:\/\/www.fischweg.ch\/fr\/unterhalt\/","title":{"rendered":"Maintenance"},"content":{"rendered":"<p class=\"translation-block\">Les diff\u00e9rentes \u00e9tapes du sentier sont contr\u00f4l\u00e9es p\u00e9riodiquement et d\u2019\u00e9ventuelles r\u00e9parations prises en charge par l\u2019association.<\/p>\n\n\n\n<p><strong>Si vous constatez des dommages, veuillez-les annoncer au comit\u00e9 de l\u2019association.<\/strong><\/p>\n\n\n\n<p>> <a href=\"mailto:info@fischweg.ch\" data-type=\"URL\" target=\"_blank\" rel=\"noreferrer noopener\">Kontakt<\/a><\/p>\n\n\n\n<figure class=\"wp-block-image size-full is-style-default\"><img loading=\"lazy\" decoding=\"async\" width=\"226\" height=\"223\" src=\"https:\/\/www.fischweg.ch\/wp-content\/uploads\/2021\/10\/unterhalt2.jpeg\" alt=\"\" class=\"wp-image-100\"\/><\/figure>","protected":false},"excerpt":{"rendered":"<p>Die Stationen des Lehrpfades werden periodisch auf ihren Zustand kontrolliert.Der Verein Fischweg am Bielersee veranlasst dann die notwenigen Reparaturen. Haben Sie Sch\u00e4den festgestellt, so melden Sie diese bitte dem Vereinsvorstand. > Kontakt<\/p>","protected":false},"author":1,"featured_media":0,"parent":0,"menu_order":0,"comment_status":"closed","ping_status":"closed","template":"","meta":{"footnotes":""},"class_list":["post-99","page","type-page","status-publish","hentry","entry"],"_links":{"self":[{"href":"https:\/\/www.fischweg.ch\/fr\/wp-json\/wp\/v2\/pages\/99","targetHints":{"allow":["GET"]}}],"collection":[{"href":"https:\/\/www.fischweg.ch\/fr\/wp-json\/wp\/v2\/pages"}],"about":[{"href":"https:\/\/www.fischweg.ch\/fr\/wp-json\/wp\/v2\/types\/page"}],"author":[{"embeddable":true,"href":"https:\/\/www.fischweg.ch\/fr\/wp-json\/wp\/v2\/users\/1"}],"replies":[{"embeddable":true,"href":"https:\/\/www.fischweg.ch\/fr\/wp-json\/wp\/v2\/comments?post=99"}],"version-history":[{"count":3,"href":"https:\/\/www.fischweg.ch\/fr\/wp-json\/wp\/v2\/pages\/99\/revisions"}],"predecessor-version":[{"id":307,"href":"https:\/\/www.fischweg.ch\/fr\/wp-json\/wp\/v2\/pages\/99\/revisions\/307"}],"wp:attachment":[{"href":"https:\/\/www.fischweg.ch\/fr\/wp-json\/wp\/v2\/media?parent=99"}],"curies":[{"name":"wp","href":"https:\/\/api.w.org\/{rel}","templated":true}]}}