{"id":83,"date":"2021-10-05T14:20:08","date_gmt":"2021-10-05T14:20:08","guid":{"rendered":"https:\/\/www.fischweg.ch\/?page_id=83"},"modified":"2021-10-05T14:20:08","modified_gmt":"2021-10-05T14:20:08","slug":"blech-und-glas","status":"publish","type":"page","link":"https:\/\/www.fischweg.ch\/fr\/blech-und-glas\/","title":{"rendered":"M\u00e9tal et verre"},"content":{"rendered":"<p>M\u00e9tal et verre repr\u00e9sentent transparent et clairement la r\u00e9f\u00e9rence \u00e0 l\u2019eau.<\/p>\n\n\n\n<figure class=\"wp-block-image size-full\"><img loading=\"lazy\" decoding=\"async\" width=\"600\" height=\"600\" src=\"https:\/\/www.fischweg.ch\/wp-content\/uploads\/2021\/10\/Blech-1.png\" alt=\"\" class=\"wp-image-84\" srcset=\"https:\/\/www.fischweg.ch\/wp-content\/uploads\/2021\/10\/Blech-1.png 600w, https:\/\/www.fischweg.ch\/wp-content\/uploads\/2021\/10\/Blech-1-300x300.png 300w, https:\/\/www.fischweg.ch\/wp-content\/uploads\/2021\/10\/Blech-1-150x150.png 150w\" sizes=\"auto, (max-width: 600px) 100vw, 600px\" \/><\/figure>\n\n\n\n<figure class=\"wp-block-image size-full\"><img loading=\"lazy\" decoding=\"async\" width=\"600\" height=\"600\" src=\"https:\/\/www.fischweg.ch\/wp-content\/uploads\/2021\/10\/Blech-2.png\" alt=\"\" class=\"wp-image-85\" srcset=\"https:\/\/www.fischweg.ch\/wp-content\/uploads\/2021\/10\/Blech-2.png 600w, https:\/\/www.fischweg.ch\/wp-content\/uploads\/2021\/10\/Blech-2-300x300.png 300w, https:\/\/www.fischweg.ch\/wp-content\/uploads\/2021\/10\/Blech-2-150x150.png 150w\" sizes=\"auto, (max-width: 600px) 100vw, 600px\" \/><\/figure>\n\n\n\n<figure class=\"wp-block-image size-full\"><img loading=\"lazy\" decoding=\"async\" width=\"600\" height=\"600\" src=\"https:\/\/www.fischweg.ch\/wp-content\/uploads\/2021\/10\/Blech-3.png\" alt=\"\" class=\"wp-image-86\" srcset=\"https:\/\/www.fischweg.ch\/wp-content\/uploads\/2021\/10\/Blech-3.png 600w, https:\/\/www.fischweg.ch\/wp-content\/uploads\/2021\/10\/Blech-3-300x300.png 300w, https:\/\/www.fischweg.ch\/wp-content\/uploads\/2021\/10\/Blech-3-150x150.png 150w\" sizes=\"auto, (max-width: 600px) 100vw, 600px\" \/><\/figure>\n\n\n\n<figure class=\"wp-block-image size-full\"><img loading=\"lazy\" decoding=\"async\" width=\"600\" height=\"600\" src=\"https:\/\/www.fischweg.ch\/wp-content\/uploads\/2021\/10\/Glas-1.png\" alt=\"\" class=\"wp-image-87\" srcset=\"https:\/\/www.fischweg.ch\/wp-content\/uploads\/2021\/10\/Glas-1.png 600w, https:\/\/www.fischweg.ch\/wp-content\/uploads\/2021\/10\/Glas-1-300x300.png 300w, https:\/\/www.fischweg.ch\/wp-content\/uploads\/2021\/10\/Glas-1-150x150.png 150w\" sizes=\"auto, (max-width: 600px) 100vw, 600px\" \/><\/figure>\n\n\n\n<figure class=\"wp-block-image size-full\"><img loading=\"lazy\" decoding=\"async\" width=\"600\" height=\"600\" src=\"https:\/\/www.fischweg.ch\/wp-content\/uploads\/2021\/10\/Glas-2.png\" alt=\"\" class=\"wp-image-88\" srcset=\"https:\/\/www.fischweg.ch\/wp-content\/uploads\/2021\/10\/Glas-2.png 600w, https:\/\/www.fischweg.ch\/wp-content\/uploads\/2021\/10\/Glas-2-300x300.png 300w, https:\/\/www.fischweg.ch\/wp-content\/uploads\/2021\/10\/Glas-2-150x150.png 150w\" sizes=\"auto, (max-width: 600px) 100vw, 600px\" \/><\/figure>\n\n\n\n<figure class=\"wp-block-image size-full\"><img loading=\"lazy\" decoding=\"async\" width=\"600\" height=\"600\" src=\"https:\/\/www.fischweg.ch\/wp-content\/uploads\/2021\/10\/Glas-3.png\" alt=\"\" class=\"wp-image-89\" srcset=\"https:\/\/www.fischweg.ch\/wp-content\/uploads\/2021\/10\/Glas-3.png 600w, https:\/\/www.fischweg.ch\/wp-content\/uploads\/2021\/10\/Glas-3-300x300.png 300w, https:\/\/www.fischweg.ch\/wp-content\/uploads\/2021\/10\/Glas-3-150x150.png 150w\" sizes=\"auto, (max-width: 600px) 100vw, 600px\" \/><\/figure>","protected":false},"excerpt":{"rendered":"<p>M\u00e9tal et verre repr\u00e9sentent transparent et clairement la r\u00e9f\u00e9rence \u00e0 l\u2019eau.<\/p>","protected":false},"author":1,"featured_media":0,"parent":0,"menu_order":0,"comment_status":"closed","ping_status":"closed","template":"","meta":{"footnotes":""},"class_list":["post-83","page","type-page","status-publish","hentry","entry"],"_links":{"self":[{"href":"https:\/\/www.fischweg.ch\/fr\/wp-json\/wp\/v2\/pages\/83","targetHints":{"allow":["GET"]}}],"collection":[{"href":"https:\/\/www.fischweg.ch\/fr\/wp-json\/wp\/v2\/pages"}],"about":[{"href":"https:\/\/www.fischweg.ch\/fr\/wp-json\/wp\/v2\/types\/page"}],"author":[{"embeddable":true,"href":"https:\/\/www.fischweg.ch\/fr\/wp-json\/wp\/v2\/users\/1"}],"replies":[{"embeddable":true,"href":"https:\/\/www.fischweg.ch\/fr\/wp-json\/wp\/v2\/comments?post=83"}],"version-history":[{"count":1,"href":"https:\/\/www.fischweg.ch\/fr\/wp-json\/wp\/v2\/pages\/83\/revisions"}],"predecessor-version":[{"id":90,"href":"https:\/\/www.fischweg.ch\/fr\/wp-json\/wp\/v2\/pages\/83\/revisions\/90"}],"wp:attachment":[{"href":"https:\/\/www.fischweg.ch\/fr\/wp-json\/wp\/v2\/media?parent=83"}],"curies":[{"name":"wp","href":"https:\/\/api.w.org\/{rel}","templated":true}]}}