{"id":72,"date":"2021-10-05T14:13:02","date_gmt":"2021-10-05T14:13:02","guid":{"rendered":"https:\/\/www.fischweg.ch\/?page_id=72"},"modified":"2023-02-13T18:59:03","modified_gmt":"2023-02-13T18:59:03","slug":"entstehungsgeschichte","status":"publish","type":"page","link":"https:\/\/www.fischweg.ch\/fr\/entstehungsgeschichte\/","title":{"rendered":"Historique"},"content":{"rendered":"<p><strong>L'id\u00e9e<\/strong><br>Comme ancien pr\u00e9sident central de l'association des p\u00eacheurs de profession suisses et p\u00eacheur lui-m\u00eame, Marcel Martin avait souvent r\u00e9pondu aux questions des m\u00e9dias, politiciens, amateurs de poisson et des nombreux visiteurs. Depuis lors, les sujets poisson, p\u00eacheur et lac int\u00e9ressent tous les \u00e2ges. D\u2019o\u00f9 est n\u00e9e l d'un Sentier des poissons. L'association soutenait elle aussi d\u00e8s le d\u00e9but cette id\u00e9e et sommait Marcel de prendre l\u2019initiative. Puis, le 28 janvier 2010, sur invitation de l'association Seeland-Bienne et le r\u00e9seau du Lac de Bienne, les d\u00e9l\u00e9gu\u00e9s communaux, p\u00eacheurs de profession et p\u00eacheurs en ligne et les responsables du tourisme se sont rencontr\u00e9s \u00e0 Erlach, avec comme objectif  \"\u2026 de former un groupe pour l\u2019organisation de la mise en oeuvre de cette id\u00e9e. \"<\/p>\n\n\n\n<p class=\"translation-block\"><strong>L'association<\/strong>\u00a0 2010<br>Am 15. September 2010 wird der <a href=\"https:\/\/www.fischweg.ch\/fr\/die-macher\/\" target=\"_self\">Verein Fischweg am Bielersee<\/a> im Rathaus in Erlach gegr\u00fcndet.<\/p>\n\n\n\n<p><strong>Le projet<\/strong>&nbsp; 2011<br>D\u00e9finition du projet et cr\u00e9ation d\u2019un site web.<br>L\u2019entreprise WederWerk \u00e0 Olten est d\u00e9sign\u00e9e comme \u201apr\u00e9curseur\u2018.<br>Lors de plusieurs workshops, les id\u00e9es sont petit-\u00e0-petit \u00e9labor\u00e9es.<br>Rita Weder cr\u00e9e une documentation pour la recherche de donateurs.<\/p>\n\n\n\n<p><strong>Collecte de fonds&nbsp; <\/strong>2012<br>Le budget pr\u00e9vu pour la construction et l\u2019exploitation du Sentier des poissons s\u2019\u00e9l\u00e8ve \u00e0 \u2028CHF 200'000.-.<br>Une documentation est envoy\u00e9e \u00e0 plus de 60 fondations, entreprises, associations, communes, clubs et particuliers. En mars 2012, le premier versement d\u2019un donateur au montant de CHF 10'000.- est cr\u00e9dit\u00e9 sur le compte et en octobre des montants consid\u00e9rables suivront par le Fonds de loterie du canton de Berne et le minist\u00e8re f\u00e9d\u00e9ral de l\u2019environnement.<br>Le projet du Sentier des poissons est alors pr\u00eat \u00e0 d\u00e9marrer.<\/p>\n\n\n\n<p><strong>La r\u00e9alisation<\/strong>&nbsp; 2013<br>Les plans sont \u00e9labor\u00e9s par le bureau d\u2019ing\u00e9nieurs L\u00fcscher &amp; Aeschlimann SA \u00e0 Ins. Le permis de construction est d\u00e9pos\u00e9 dans les communes de Gl\u00e9resse-T\u00fcscherz et Douanne en automne 2013 et approuv\u00e9 le 23 janvier 2014.<\/p>\n\n\n\n<p><strong>L\u2018inauguration<\/strong>&nbsp; 2014<br>Le 3 mai 2014, le \u2018Sentier des poissons du Lac de Bienne\u2019 est inaugur\u00e9 officiellement.<\/p>\n\n\n\n<p><strong>L\u2018expansion 2015<\/strong><br>En printemps 2015, le bureau WolfsWeb construit un site web bilingue pour desktops, tablettes et portables. A l\u2019aide de codes QR, les visiteurs obtiennent sur place des informations suppl\u00e9mentaires sur des sujets choisis.<\/p>","protected":false},"excerpt":{"rendered":"<p>Die IdeeAls ehemaliger Zentralpr\u00e4sident des Schweizerischen Berufsfischerverbandes hatte Berufsfischer Marcel Martin oft Fragen von Medien, Politikern, Fischgeniessern und vielen Besuchern in seinem Fischereibetrieb zu beantworten. Das Themen Fisch, Fischer, See interessieren jung und alt. Die Idee eines Fischweges war geboren. Der Berufsfischerverband vom Bielersee unterst\u00fctzte die Idee von Anfang an und beschloss: &#8222;Marcel, mach \u00f6ppis!&#8220;&hellip; <a class=\"more-link\" href=\"https:\/\/www.fischweg.ch\/fr\/entstehungsgeschichte\/\">Poursuivre la lecture <span class=\"screen-reader-text\">Historique<\/span><\/a><\/p>","protected":false},"author":1,"featured_media":0,"parent":0,"menu_order":0,"comment_status":"closed","ping_status":"closed","template":"","meta":{"footnotes":""},"class_list":["post-72","page","type-page","status-publish","hentry","entry"],"_links":{"self":[{"href":"https:\/\/www.fischweg.ch\/fr\/wp-json\/wp\/v2\/pages\/72","targetHints":{"allow":["GET"]}}],"collection":[{"href":"https:\/\/www.fischweg.ch\/fr\/wp-json\/wp\/v2\/pages"}],"about":[{"href":"https:\/\/www.fischweg.ch\/fr\/wp-json\/wp\/v2\/types\/page"}],"author":[{"embeddable":true,"href":"https:\/\/www.fischweg.ch\/fr\/wp-json\/wp\/v2\/users\/1"}],"replies":[{"embeddable":true,"href":"https:\/\/www.fischweg.ch\/fr\/wp-json\/wp\/v2\/comments?post=72"}],"version-history":[{"count":3,"href":"https:\/\/www.fischweg.ch\/fr\/wp-json\/wp\/v2\/pages\/72\/revisions"}],"predecessor-version":[{"id":364,"href":"https:\/\/www.fischweg.ch\/fr\/wp-json\/wp\/v2\/pages\/72\/revisions\/364"}],"wp:attachment":[{"href":"https:\/\/www.fischweg.ch\/fr\/wp-json\/wp\/v2\/media?parent=72"}],"curies":[{"name":"wp","href":"https:\/\/api.w.org\/{rel}","templated":true}]}}