{"id":69,"date":"2021-10-05T14:11:41","date_gmt":"2021-10-05T14:11:41","guid":{"rendered":"https:\/\/www.fischweg.ch\/?page_id=69"},"modified":"2021-10-05T19:58:49","modified_gmt":"2021-10-05T19:58:49","slug":"die-erbauer","status":"publish","type":"page","link":"https:\/\/www.fischweg.ch\/fr\/die-erbauer\/","title":{"rendered":"R\u00e9alisation"},"content":{"rendered":"<p><strong>Strat\u00e9gie de planification et r\u00e9alisation:<\/strong> Rita Weder, WederWerk Olten&nbsp;&nbsp;&nbsp;&nbsp;&nbsp;&nbsp;&nbsp;&nbsp;&nbsp;&nbsp;&nbsp;&nbsp;&nbsp;&nbsp;&nbsp;&nbsp;&nbsp;&nbsp;&nbsp;&nbsp;&nbsp;&nbsp;&nbsp;&nbsp;&nbsp;&nbsp;&nbsp;&nbsp;&nbsp;&nbsp;&nbsp;&nbsp;&nbsp;&nbsp;&nbsp;&nbsp;&nbsp;&nbsp;&nbsp;&nbsp;&nbsp;&nbsp;&nbsp;&nbsp;&nbsp;&nbsp;&nbsp;&nbsp;&nbsp;&nbsp;&nbsp;&nbsp;&nbsp;&nbsp;&nbsp;&nbsp;&nbsp;&nbsp;&nbsp;&nbsp;&nbsp;&nbsp;&nbsp;&nbsp;&nbsp;&nbsp;&nbsp;&nbsp;&nbsp; &nbsp; &nbsp; &nbsp;&nbsp;&nbsp;&nbsp;&nbsp;&nbsp;&nbsp;&nbsp;&nbsp;&nbsp; &nbsp; &nbsp; &nbsp; &nbsp;&nbsp; &nbsp;&nbsp;&nbsp;&nbsp;&nbsp;&nbsp;&nbsp;&nbsp;&nbsp; .<\/p>\n\n\n\n<p><strong>Graphique et illustration:<\/strong> Karin Knabenhans, Olten<\/p>\n\n\n\n<figure class=\"wp-block-image size-large\"><img loading=\"lazy\" decoding=\"async\" width=\"1024\" height=\"647\" src=\"https:\/\/www.fischweg.ch\/wp-content\/uploads\/2021\/10\/Logo-Wederwerk-1024x647.png\" alt=\"\" class=\"wp-image-70\" srcset=\"https:\/\/www.fischweg.ch\/wp-content\/uploads\/2021\/10\/Logo-Wederwerk-1024x647.png 1024w, https:\/\/www.fischweg.ch\/wp-content\/uploads\/2021\/10\/Logo-Wederwerk-300x189.png 300w, https:\/\/www.fischweg.ch\/wp-content\/uploads\/2021\/10\/Logo-Wederwerk-768x485.png 768w, https:\/\/www.fischweg.ch\/wp-content\/uploads\/2021\/10\/Logo-Wederwerk.png 1284w\" sizes=\"auto, (max-width: 1024px) 100vw, 1024px\" \/><\/figure>\n\n\n\n<p>St\u00e8les: Neon-B\u00e4chli AG, Beinwil am See <a href=\"https:\/\/www.fischweg.ch\/fr\/?page_id=83\">Bildergalerie<\/a><\/p>\n\n\n\n<p>Verre avec film de protection: Fischerschriften AG, Egerkingen + Wirz Schriften AG, Unterkulm<\/p>\n\n\n\n<p>Colonne avec lentille encastr\u00e9e: Imfeld AG, Sarnen<\/p>\n\n\n\n<p>Grand poisson en t\u00f4le: D. Fischer Die Metallwerkstatt AG, Olten   &gt; <a href=\"https:\/\/www.fischweg.ch\/fr\/?page_id=205\">Bildergalerie<\/a><\/p>\n\n\n\n<p>L\u2019oeil de poisson: Low Vision Buser, Olten<\/p>\n\n\n\n<p>Mod\u00e8les de poisson en bois: Ruben Hermann, Braunschweig D   &gt; <a href=\"https:\/\/www.fischweg.ch\/fr\/?page_id=217\">Bildergalerie<\/a><\/p>\n\n\n\n<p>Mod\u00e8le bassin du lac: Ingold AG, Olten   &gt; <a href=\"https:\/\/www.fischweg.ch\/fr\/?page_id=91\">Bildergalerie<\/a><\/p>\n\n\n\n<p>Box \u00e0 chansons: Magifax by Tourmate, Buccinasco I<\/p>\n\n\n\n<p>Chanson: Christian Schenker<\/p>\n\n\n\n<p>F\u00eatiche \"Pedro\": Familie Weder, Olten   &gt; <a href=\"https:\/\/www.fischweg.ch\/fr\/?page_id=74\">Bildergalerie<\/a><\/p>","protected":false},"excerpt":{"rendered":"<p>Konzeption, Planung und Realisation: Rita Weder, WederWerk Olten&nbsp;&nbsp;&nbsp;&nbsp;&nbsp;&nbsp;&nbsp;&nbsp;&nbsp;&nbsp;&nbsp;&nbsp;&nbsp;&nbsp;&nbsp;&nbsp;&nbsp;&nbsp;&nbsp;&nbsp;&nbsp;&nbsp;&nbsp;&nbsp;&nbsp;&nbsp;&nbsp;&nbsp;&nbsp;&nbsp;&nbsp;&nbsp;&nbsp;&nbsp;&nbsp;&nbsp;&nbsp;&nbsp;&nbsp;&nbsp;&nbsp;&nbsp;&nbsp;&nbsp;&nbsp;&nbsp;&nbsp;&nbsp;&nbsp;&nbsp;&nbsp;&nbsp;&nbsp;&nbsp;&nbsp;&nbsp;&nbsp;&nbsp;&nbsp;&nbsp;&nbsp;&nbsp;&nbsp;&nbsp;&nbsp;&nbsp;&nbsp;&nbsp;&nbsp; &nbsp; &nbsp; &nbsp;&nbsp;&nbsp;&nbsp;&nbsp;&nbsp;&nbsp;&nbsp;&nbsp;&nbsp; &nbsp; &nbsp; &nbsp; &nbsp;&nbsp; &nbsp;&nbsp;&nbsp;&nbsp;&nbsp;&nbsp;&nbsp;&nbsp;&nbsp; . Grafik und Illustrationen: Karin Knabenhans, Olten Stelen:&nbsp;Neon-B\u00e4chli&nbsp;AG,&nbsp;Beinwil&nbsp;am See&nbsp;&nbsp; &gt; Bildergalerie Glas mit Folien:&nbsp;Fischerschriften AG, Egerkingen +&nbsp;Wirz&nbsp;Schriften AG, Unterkulm S\u00e4ulen mit Linseneinbettung:&nbsp;Imfeld&nbsp;AG,&nbsp;Sarnen Gro\u00dfer Blechfisch:&nbsp;D. Fischer Die Metallwerkstatt&nbsp;AG, Olten&nbsp;&nbsp; &gt; Bildergalerie Fischauge: Low Vision&nbsp;Buser, Olten Fischmodelle Holz:&nbsp;Ruben Hermann, Braunschweig D&nbsp;&nbsp;&hellip; <a class=\"more-link\" href=\"https:\/\/www.fischweg.ch\/fr\/die-erbauer\/\">Poursuivre la lecture <span class=\"screen-reader-text\">R\u00e9alisation<\/span><\/a><\/p>","protected":false},"author":1,"featured_media":0,"parent":0,"menu_order":0,"comment_status":"closed","ping_status":"closed","template":"","meta":{"footnotes":""},"class_list":["post-69","page","type-page","status-publish","hentry","entry"],"_links":{"self":[{"href":"https:\/\/www.fischweg.ch\/fr\/wp-json\/wp\/v2\/pages\/69","targetHints":{"allow":["GET"]}}],"collection":[{"href":"https:\/\/www.fischweg.ch\/fr\/wp-json\/wp\/v2\/pages"}],"about":[{"href":"https:\/\/www.fischweg.ch\/fr\/wp-json\/wp\/v2\/types\/page"}],"author":[{"embeddable":true,"href":"https:\/\/www.fischweg.ch\/fr\/wp-json\/wp\/v2\/users\/1"}],"replies":[{"embeddable":true,"href":"https:\/\/www.fischweg.ch\/fr\/wp-json\/wp\/v2\/comments?post=69"}],"version-history":[{"count":3,"href":"https:\/\/www.fischweg.ch\/fr\/wp-json\/wp\/v2\/pages\/69\/revisions"}],"predecessor-version":[{"id":300,"href":"https:\/\/www.fischweg.ch\/fr\/wp-json\/wp\/v2\/pages\/69\/revisions\/300"}],"wp:attachment":[{"href":"https:\/\/www.fischweg.ch\/fr\/wp-json\/wp\/v2\/media?parent=69"}],"curies":[{"name":"wp","href":"https:\/\/api.w.org\/{rel}","templated":true}]}}