{"id":64,"date":"2021-10-05T14:08:09","date_gmt":"2021-10-05T14:08:09","guid":{"rendered":"https:\/\/www.fischweg.ch\/?page_id=64"},"modified":"2021-10-05T14:08:09","modified_gmt":"2021-10-05T14:08:09","slug":"sponsoren-und-goenner","status":"publish","type":"page","link":"https:\/\/www.fischweg.ch\/fr\/sponsoren-und-goenner\/","title":{"rendered":"Donateurs"},"content":{"rendered":"<p><strong>A cette occasion, nous vous pr\u00e9sentons nos sinc\u00e8res remerciements.<\/strong><\/p>\n\n\n\n<p>Le \u2018Sentier des poissons du lac de Bienne\u2019 a \u00e9t\u00e9 cr\u00e9\u00e9 en collaboration avec diverses associations de la p\u00eache et de l\u2019environnement ainsi que par le financement de donateurs et r\u00e9alis\u00e9 par le WederWerk Olten.<\/p>\n\n\n\n<p><strong>Nos sponsors<\/strong><\/p>\n\n\n\n<ul class=\"wp-block-list\"><li>111er-Club<\/li><li>BAFU Sektion Lebensraum Gew\u00e4sser<\/li><li>Association des p\u00eacheurs professionnels du lac de Bienne<\/li><li>Bielersee Tourismus, Twann\/Ligerz\/T\u00fcscherz<\/li><li>FORS AG, Studen<\/li><li>Jubil\u00e4umsstiftung Schweizerische Mobiliar Genossenschaft<\/li><li>SWISSLOS Lotteriefonds des Kantons Bern<\/li><li>THOMY, Nestl\u00e9 Suisse SA, Vevey<\/li><li>Verband Seel\u00e4ndischer Fischereivereine<\/li><\/ul>\n\n\n\n<figure class=\"wp-block-image size-large\"><img loading=\"lazy\" decoding=\"async\" width=\"1024\" height=\"491\" src=\"https:\/\/www.fischweg.ch\/wp-content\/uploads\/2021\/10\/LogoSpons-1024x491.png\" alt=\"\" class=\"wp-image-65\" srcset=\"https:\/\/www.fischweg.ch\/wp-content\/uploads\/2021\/10\/LogoSpons-1024x491.png 1024w, https:\/\/www.fischweg.ch\/wp-content\/uploads\/2021\/10\/LogoSpons-300x144.png 300w, https:\/\/www.fischweg.ch\/wp-content\/uploads\/2021\/10\/LogoSpons-768x368.png 768w, https:\/\/www.fischweg.ch\/wp-content\/uploads\/2021\/10\/LogoSpons-1536x737.png 1536w, https:\/\/www.fischweg.ch\/wp-content\/uploads\/2021\/10\/LogoSpons-1568x752.png 1568w, https:\/\/www.fischweg.ch\/wp-content\/uploads\/2021\/10\/LogoSpons.png 2000w\" sizes=\"auto, (max-width: 1024px) 100vw, 1024px\" \/><\/figure>\n\n\n\n<p><strong>Nos donateurs &nbsp;<\/strong>&nbsp;<\/p>\n\n\n\n<p>Anzeiger Genossenschaft Nidau \u00b7 AXA Winterthur, Generalagentur, Biel\/Bienne \u00b7 Bielersee-Schifffahrts-Gesellschaft AG \u00b7 Burkhalter Poissons SA, Erlach \u00b7 Cha\u00eene Viniterra Bielersee, Twann \u00b7 Dahinden Doris und Andr\u00e9, La Neuveville\u00a0 \u00b7 Ehrenwerte Tr\u00fcelerzunft, Twann \u00b7 Eisenbahner Fischerverein Biel-Bienne \u00b7 Engel Getr\u00e4nkedienst AG, Biel\/Bienne \u00b7 Feitknecht Peter, Twann \u00b7 Fischerei Martin, Ligerz \u00b7 Fischereiverein Erlenw\u00e4ldli, Ipsach \u00b7 Fischereiverein R\u00fcti-Arch-Leuzigen \u00b7 Frick Bruno, Einsiedeln \u00b7 Gassmann AG, Biel\/Bienne \u00b7 Gehriger Ursula, Biel\/Bienne \u00b7 Gemeinde Erlach \u00b7 Gemeinde Ligerz \u00b7 Gemeinde Twann-T\u00fcscherz \u00b7 Giauque Weinbau, Ligerz \u00b7 Hirt Bew\u00e4sserungssysteme, Evilard \u00b7 Hirt Rolf, La Neuveville \u00b7 Hotel Fontana, Twann \u00b7 Johanniterkeller, Twann \u00b7 Jost Alain, Ligerz \u00b7 Kantonal Bernischer Berufsfischerverband \u00b7 Kocher YAMAHA Bootsmotoren, Gerolfingen \u00b7 Landwirtschftliche Organisationen Seeland \u00b7 L\u00fcscher &amp; Aeschlimann, Ins \u00b7 Michel Roggo Fotograf \u00b7 Netzwerk Bielersee \u00b7 Oekonomische und Gemeinn\u00fctzige Gesellschaft des Kantons Bern \u00b7 Pachtvereinigung Lyssbach \u00b7 Rebbaumuseum Hof, Ligerz \u00b7 Regisol AG, Busswil \u00b7 Restaurant Zum Alten Schweizer, Twann \u00b7 Roth Ir\u00e8ne, Gerolfingen \u00b7 SCHOMA Sprudelsysteme, Twann \u00b7 Sportfischerverein Ins \u00b7 Sportfischerverein M\u00f6rigen \u00b7 Stiftung pro Fisch und Wasser PF&amp;W \u00b7 Tafelgesellschaft zum Goldenen Fisch \u00b7 Tourismus Biel-Seeland \u00b7 Treuhand Arn &amp; Partner AG, Lyss \u00b7 Trio &#8222;Toller Hecht&#8220; \u00b7 Verein Dorfl\u00e4be, Ligerz \u00b7 Verein seeland.biel\/bienne \u00b7 Weinbau Festiguet, Ligerz \u00b7 Weigut Brunnm\u00fchle, Twann \u00b7 WFN-Wasser Fisch Natur \u00b7 Weingut zum Twannbach, Twann \u00b7 WOLFsWEB, Ligerz \u00b7 Wyser Peter, Ligerz \u00b7 Zaugg Werner, Nidau \u00b7<\/p>","protected":false},"excerpt":{"rendered":"<p>Herzlichen Dank Der Fischweg am Bielersee ist in Zusammenarbeit mit verschiedenen Fischerei- und Schutzorganisationen entstanden, durch zahlreiche Sponsoren und G\u00f6nner finanziert und von WederWerk Olten realisiert worden. Unsere Sponsoren 111er-Club BAFU Sektion Lebensraum Gew\u00e4sser Berufsfischerverband vom Bielersee Bielersee Tourismus, Twann\/Ligerz\/T\u00fcscherz FORS AG, Studen Jubil\u00e4umsstiftung Schweizerische Mobiliar Genossenschaft SWISSLOS Lotteriefonds des Kantons Bern THOMY, Nestl\u00e9 Suisse&hellip; <a class=\"more-link\" href=\"https:\/\/www.fischweg.ch\/fr\/sponsoren-und-goenner\/\">Poursuivre la lecture <span class=\"screen-reader-text\">Donateurs<\/span><\/a><\/p>","protected":false},"author":1,"featured_media":0,"parent":0,"menu_order":0,"comment_status":"closed","ping_status":"closed","template":"","meta":{"footnotes":""},"class_list":["post-64","page","type-page","status-publish","hentry","entry"],"_links":{"self":[{"href":"https:\/\/www.fischweg.ch\/fr\/wp-json\/wp\/v2\/pages\/64","targetHints":{"allow":["GET"]}}],"collection":[{"href":"https:\/\/www.fischweg.ch\/fr\/wp-json\/wp\/v2\/pages"}],"about":[{"href":"https:\/\/www.fischweg.ch\/fr\/wp-json\/wp\/v2\/types\/page"}],"author":[{"embeddable":true,"href":"https:\/\/www.fischweg.ch\/fr\/wp-json\/wp\/v2\/users\/1"}],"replies":[{"embeddable":true,"href":"https:\/\/www.fischweg.ch\/fr\/wp-json\/wp\/v2\/comments?post=64"}],"version-history":[{"count":1,"href":"https:\/\/www.fischweg.ch\/fr\/wp-json\/wp\/v2\/pages\/64\/revisions"}],"predecessor-version":[{"id":66,"href":"https:\/\/www.fischweg.ch\/fr\/wp-json\/wp\/v2\/pages\/64\/revisions\/66"}],"wp:attachment":[{"href":"https:\/\/www.fischweg.ch\/fr\/wp-json\/wp\/v2\/media?parent=64"}],"curies":[{"name":"wp","href":"https:\/\/api.w.org\/{rel}","templated":true}]}}