{"id":46,"date":"2021-10-05T13:04:20","date_gmt":"2021-10-05T13:04:20","guid":{"rendered":"https:\/\/www.fischweg.ch\/?page_id=46"},"modified":"2021-10-05T15:39:21","modified_gmt":"2021-10-05T15:39:21","slug":"die-macher","status":"publish","type":"page","link":"https:\/\/www.fischweg.ch\/fr\/die-macher\/","title":{"rendered":"Les initiateurs"},"content":{"rendered":"<p class=\"translation-block\">L\u2019association <strong> \u2018Sentier des poissons du lac de Bienne\u2019<\/strong> a \u00e9t\u00e9 fond\u00e9e par des membres des diff\u00e9rentes organisations de l\u2019environnement du lac de Bienne le<br> 15 septembre 2010.<\/p>\n\n\n\n<p><strong>Autorit\u00e9 responsable<\/strong><br>Les organisations de partenaire suivantes font partie du comit\u00e9 directeur d\u2019association et soutiennent le projet :<\/p>\n\n\n\n<ul class=\"wp-block-list\"><li>Association des p\u00eacheurs professionnels du lac de Bienne<\/li><li>Tourisme lac de Bienne<\/li><li>Inspection de la p\u00eache du canton de Berne<\/li><li>Mus\u00e9e de la vigne du lac de Bienne, \"Le Fornel\", Gl\u00e9resse<\/li><li>Verband Seel\u00e4ndischer Fischereivereine (les associations des p\u00eacheurs)<\/li><li>R\u00e9seau lac de Bienne<\/li><\/ul>\n\n\n\n<p><strong>Comit\u00e9 directeur<\/strong><br>Marcel Martin <em>pr\u00e9sident<\/em>,&nbsp;Kathrin Botteron <em>finances<\/em>, Gerold Pilloud, Heidi L\u00fcdi, Ueli Wolf, Robert Stegemann, J\u00f6rg Ramseier<\/p>\n\n\n\n<figure class=\"wp-block-image size-full\"><img loading=\"lazy\" decoding=\"async\" width=\"1024\" height=\"683\" src=\"https:\/\/www.fischweg.ch\/wp-content\/uploads\/2021\/10\/Die-Macher-Guentensperger088.png\" alt=\"\" class=\"wp-image-47\" srcset=\"https:\/\/www.fischweg.ch\/wp-content\/uploads\/2021\/10\/Die-Macher-Guentensperger088.png 1024w, https:\/\/www.fischweg.ch\/wp-content\/uploads\/2021\/10\/Die-Macher-Guentensperger088-300x200.png 300w, https:\/\/www.fischweg.ch\/wp-content\/uploads\/2021\/10\/Die-Macher-Guentensperger088-768x512.png 768w\" sizes=\"auto, (max-width: 1024px) 100vw, 1024px\" \/><\/figure>\n\n\n\n<p><strong>Coordonn\u00e9es<\/strong><br>Verein Fischweg am Bielersee<br>p.A. Marcel Martin<br>Bipschal 8<br>2514 Ligerz<\/p>\n\n\n\n<p><a href=\"mailto:praesident@fischweg.ch\">praesident@fischweg.ch<\/a><\/p>","protected":false},"excerpt":{"rendered":"<p>Der Verein Fischweg am Bielersee wurde durch Mitglieder verschiedener Organisationen rund um den Bielersee am15. September 2010 gegr\u00fcndet. Tr\u00e4gerschaft:Folgende Partnerorganisationen nehmen Einsitz im Vereinsvorstand und unterst\u00fctzen das Projekt. Berufsfischerverband vom Bielersee Bielersee Tourismus Fischereiinspektorat des Kantons Bern Rebbaumuseum am Bielersee &#8222;Hof&#8220; Ligerz Verband Seel\u00e4ndischer Fischervereine Verein Netzwerk Bielersee Der VorstandMarcel Martin Pr\u00e4sident,&nbsp;Kathrin Botteron Finanzen, Gerold&hellip; <a class=\"more-link\" href=\"https:\/\/www.fischweg.ch\/fr\/die-macher\/\">Poursuivre la lecture <span class=\"screen-reader-text\">Les initiateurs<\/span><\/a><\/p>","protected":false},"author":1,"featured_media":0,"parent":0,"menu_order":0,"comment_status":"closed","ping_status":"closed","template":"","meta":{"footnotes":""},"class_list":["post-46","page","type-page","status-publish","hentry","entry"],"_links":{"self":[{"href":"https:\/\/www.fischweg.ch\/fr\/wp-json\/wp\/v2\/pages\/46","targetHints":{"allow":["GET"]}}],"collection":[{"href":"https:\/\/www.fischweg.ch\/fr\/wp-json\/wp\/v2\/pages"}],"about":[{"href":"https:\/\/www.fischweg.ch\/fr\/wp-json\/wp\/v2\/types\/page"}],"author":[{"embeddable":true,"href":"https:\/\/www.fischweg.ch\/fr\/wp-json\/wp\/v2\/users\/1"}],"replies":[{"embeddable":true,"href":"https:\/\/www.fischweg.ch\/fr\/wp-json\/wp\/v2\/comments?post=46"}],"version-history":[{"count":2,"href":"https:\/\/www.fischweg.ch\/fr\/wp-json\/wp\/v2\/pages\/46\/revisions"}],"predecessor-version":[{"id":50,"href":"https:\/\/www.fischweg.ch\/fr\/wp-json\/wp\/v2\/pages\/46\/revisions\/50"}],"wp:attachment":[{"href":"https:\/\/www.fischweg.ch\/fr\/wp-json\/wp\/v2\/media?parent=46"}],"curies":[{"name":"wp","href":"https:\/\/api.w.org\/{rel}","templated":true}]}}