{"id":259,"date":"2021-10-05T18:10:29","date_gmt":"2021-10-05T18:10:29","guid":{"rendered":"https:\/\/www.fischweg.ch\/?page_id=259"},"modified":"2021-10-05T18:10:29","modified_gmt":"2021-10-05T18:10:29","slug":"fisch-auf-dem-tisch","status":"publish","type":"page","link":"https:\/\/www.fischweg.ch\/fr\/fisch-auf-dem-tisch\/","title":{"rendered":"Le poisson dans votre assiette"},"content":{"rendered":"<p class=\"translation-block\">Un diphtongue allemand dit <strong>\u2018Fischer\u2019s Fritz fischt frische Fische\u2019<\/strong> (en fran\u00e7ais \u2018Le p\u00eacheur p\u00eache des poissons frais\u2019). Les p\u00eacheurs de profession vous proposent le poisson frais dans leurs boutiques. Ils vous le livrent aussi sur demande.<\/p>\n\n\n\n<p><a href=\"http:\/\/www.bielersee-tourismus.ch\/wein-fisch\/berufsfischer\/\">http:\/\/www.bielersee-tourismus.ch\/wein-fisch\/berufsfischer\/<\/a><\/p>\n\n\n\n<p class=\"translation-block\">Pour la <strong>pr\u00e9paration comp\u00e9tente<\/strong> des f\u00e9ras, perches, brochets et Tr\u00fcschen, nos p\u00eacheurs se feront en plus un plaisir de vous conseiller.<\/p>\n\n\n\n<p><a href=\"http:\/\/www.schweizerfisch.ch\/rezepte.htm\">http:\/\/www.schweizerfisch.ch\/rezepte.htm<\/a><\/p>\n\n\n\n<p class=\"translation-block\">Dans les villages au bord du lac et au-dessus des vignobles de Schernelz, beaucoup de <strong>restaurants<\/strong> vous proposent des plats de poissons frais et d\u00e9licats du lac.<\/p>\n\n\n\n<p><a href=\"http:\/\/www.bielersee-tourismus.ch\/gastronomie\/restaurants\/\">http:\/\/www.bielersee-tourismus.ch\/gastronomie\/restaurants\/<\/a><\/p>\n\n\n\n<p><br><\/p>","protected":false},"excerpt":{"rendered":"<p>Nicht nur Fischers Fritz f\u00e4ngt frische Fische sondern auch unsere einheimischen Berufsfischer.Sie bieten den Fisch fangfrisch in ihren Verkaufsl\u00e4den an oder liefern auf Bestellung. http:\/\/www.bielersee-tourismus.ch\/wein-fisch\/berufsfischer\/ F\u00fcr fachm\u00e4nnische Zubereitung von Felchen, Egli, Hecht und Tr\u00fcschen beraten Sie unsere Berufsfischer gerne. http:\/\/www.schweizerfisch.ch\/rezepte.htm Restaurants mit k\u00f6stlichen Fischspezialit\u00e4ten finden Sie in den D\u00f6rfern am See und \u00fcber den Rebbergen&hellip; <a class=\"more-link\" href=\"https:\/\/www.fischweg.ch\/fr\/fisch-auf-dem-tisch\/\">Poursuivre la lecture <span class=\"screen-reader-text\">Le poisson dans votre assiette<\/span><\/a><\/p>","protected":false},"author":1,"featured_media":0,"parent":0,"menu_order":0,"comment_status":"closed","ping_status":"closed","template":"","meta":{"footnotes":""},"class_list":["post-259","page","type-page","status-publish","hentry","entry"],"_links":{"self":[{"href":"https:\/\/www.fischweg.ch\/fr\/wp-json\/wp\/v2\/pages\/259","targetHints":{"allow":["GET"]}}],"collection":[{"href":"https:\/\/www.fischweg.ch\/fr\/wp-json\/wp\/v2\/pages"}],"about":[{"href":"https:\/\/www.fischweg.ch\/fr\/wp-json\/wp\/v2\/types\/page"}],"author":[{"embeddable":true,"href":"https:\/\/www.fischweg.ch\/fr\/wp-json\/wp\/v2\/users\/1"}],"replies":[{"embeddable":true,"href":"https:\/\/www.fischweg.ch\/fr\/wp-json\/wp\/v2\/comments?post=259"}],"version-history":[{"count":1,"href":"https:\/\/www.fischweg.ch\/fr\/wp-json\/wp\/v2\/pages\/259\/revisions"}],"predecessor-version":[{"id":260,"href":"https:\/\/www.fischweg.ch\/fr\/wp-json\/wp\/v2\/pages\/259\/revisions\/260"}],"wp:attachment":[{"href":"https:\/\/www.fischweg.ch\/fr\/wp-json\/wp\/v2\/media?parent=259"}],"curies":[{"name":"wp","href":"https:\/\/api.w.org\/{rel}","templated":true}]}}