{"id":249,"date":"2021-10-05T18:02:30","date_gmt":"2021-10-05T18:02:30","guid":{"rendered":"https:\/\/www.fischweg.ch\/?page_id=249"},"modified":"2022-05-01T20:33:01","modified_gmt":"2022-05-01T20:33:01","slug":"die-angelfischerei-2","status":"publish","type":"page","link":"https:\/\/www.fischweg.ch\/fr\/die-angelfischerei-2\/","title":{"rendered":"La p\u00eache \u00e0 la ligne"},"content":{"rendered":"<p>Dans le lac de Bienne il y a plus de 30 esp\u00e8ces diff\u00e9rentes de poisson. Les grands favoris sont le brochet, la perche et le fera. En plus, il y a la sandre, les silures, Brachsmen et les poissons aux yeux rouges. Les prises sont tr\u00e8s importantes depuis des ann\u00e9es et sont en t\u00eate en comparaison avec les  autres lacs suisses.<\/p>\n\n\n\n<p><strong>Eaux riches en substances nutritives<\/strong><br>Le lac de Bienne se trouve au pied du Jura, c\u00f4t\u00e9 sud. Il est reli\u00e9 par le canal de la Zihl et la Broye aux lacs de Neuch\u00e2tel et de Morat. L\u2019Aar est l'afflux principal. La superficie du lac est d'environ 40 km2 avec une profondeur maximale de 74 m\u00e8tres. Avec ses \u00e9tendues de plans d'eau  plate sur le c\u00f4t\u00e9 sud, le lac compte parmi les eaux riches en valeurs nutritives ce qui provoque une affluence consid\u00e9rable de poissons.<\/p>\n\n\n\n<p><strong>De quoi a-t-on besoin \u00e0 la p\u00eache?<\/strong><br>Pour la p\u00eache, un brevet de p\u00eache cantonal et une preuve de comp\u00e9tence ( ATCO) sont exig\u00e9s. Sur les rives, on peut cependant aussi p\u00eacher sans brevet et ATCO. La p\u00eache sans brevet n'est, par contre, uniquement autoris\u00e9e qu'avec une seule canne \u00e0 p\u00eache et un simple hame\u00e7on sans crochet.<\/p>\n\n\n\n<p>Il est indispensable de vous renseigner sur les consignes avant d\u2019aller \u00e0 la p\u00eache.&nbsp; <a href=\"http:\/\/www.vol.be.ch\/vol\/de\/index\/natur\/fischerei.html\">http:\/\/www.vol.be.ch\/vol\/de\/index\/natur\/fischerei.html<\/a><\/p>\n\n\n\n<p><strong>Informations additionnelles:<\/strong><\/p>\n\n\n\n<ul class=\"wp-block-list\"><li>Angelfischerei im Bielersee\u00a0 <a href=\"https:\/\/www.fischweg.ch\/wp-content\/uploads\/2022\/05\/Angelfischerei_Bielersee.pdf\" target=\"_blank\" rel=\"noreferrer noopener\">>PDF<\/a><\/li><\/ul>\n\n\n\n<p><\/p>","protected":false},"excerpt":{"rendered":"<p>Im Bielersee existieren \u00fcber 30 verschiedene Fischarten. Zu\u00e4tzlich zu den Favoriten Hecht, Egli und Felchen werden auch&nbsp; Zander, Welse, Brachsmen und Rotaugen gefangen. Die F\u00e4ngertr\u00e4ge sind seit Jahren sehr hoch und liegen im Vergleich mit anderen Seen der Schweiz an der Spitze. N\u00e4hrstoffreiches Gew\u00e4sserDer Bielersee liegt am Juras\u00fcdfuss und ist \u00fcber den Zihl- und Broyekanal&hellip; <a class=\"more-link\" href=\"https:\/\/www.fischweg.ch\/fr\/die-angelfischerei-2\/\">Poursuivre la lecture <span class=\"screen-reader-text\">La p\u00eache \u00e0 la ligne<\/span><\/a><\/p>","protected":false},"author":1,"featured_media":250,"parent":0,"menu_order":0,"comment_status":"closed","ping_status":"closed","template":"","meta":{"footnotes":""},"class_list":["post-249","page","type-page","status-publish","has-post-thumbnail","hentry","entry"],"_links":{"self":[{"href":"https:\/\/www.fischweg.ch\/fr\/wp-json\/wp\/v2\/pages\/249","targetHints":{"allow":["GET"]}}],"collection":[{"href":"https:\/\/www.fischweg.ch\/fr\/wp-json\/wp\/v2\/pages"}],"about":[{"href":"https:\/\/www.fischweg.ch\/fr\/wp-json\/wp\/v2\/types\/page"}],"author":[{"embeddable":true,"href":"https:\/\/www.fischweg.ch\/fr\/wp-json\/wp\/v2\/users\/1"}],"replies":[{"embeddable":true,"href":"https:\/\/www.fischweg.ch\/fr\/wp-json\/wp\/v2\/comments?post=249"}],"version-history":[{"count":3,"href":"https:\/\/www.fischweg.ch\/fr\/wp-json\/wp\/v2\/pages\/249\/revisions"}],"predecessor-version":[{"id":345,"href":"https:\/\/www.fischweg.ch\/fr\/wp-json\/wp\/v2\/pages\/249\/revisions\/345"}],"wp:featuredmedia":[{"embeddable":true,"href":"https:\/\/www.fischweg.ch\/fr\/wp-json\/wp\/v2\/media\/250"}],"wp:attachment":[{"href":"https:\/\/www.fischweg.ch\/fr\/wp-json\/wp\/v2\/media?parent=249"}],"curies":[{"name":"wp","href":"https:\/\/api.w.org\/{rel}","templated":true}]}}