{"id":246,"date":"2021-10-05T18:01:31","date_gmt":"2021-10-05T18:01:31","guid":{"rendered":"https:\/\/www.fischweg.ch\/?page_id=246"},"modified":"2022-05-01T20:31:48","modified_gmt":"2022-05-01T20:31:48","slug":"die-flora-fauna-2","status":"publish","type":"page","link":"https:\/\/www.fischweg.ch\/fr\/die-flora-fauna-2\/","title":{"rendered":"La flore et la faune"},"content":{"rendered":"<p>L'eau caract\u00e9rise l'aspect des paysages sur la terre. Elle circule, s'\u00e9vapore, retombe comme sous forme de pluie ou de neige sur la terre, coule dans les ruisseaux et rivi\u00e8res et remplit les lacs et mers. La vie initiale est n\u00e9e dans l'eau et aujourd'hui encore, l'eau est ins\u00e9parablement li\u00e9e \u00e0 la vie, ne f\u00fbt ce que par les produits alimentaires pour la population, les animaux et les plantes.<\/p>\n\n\n\n<p><br><strong>De nombreux espaces vitaux<\/strong><br>La r\u00e9gion du Lac de Bienne offre beaucoup d'espaces vitaux pour une multitude d\u2019animaux et de plantes. Biologiquement le passage entre l'eau et le terrain repr\u00e9sente l'une des zones les plus int\u00e9ressantes. Il y a des millions d 'ann\u00e9es, c\u2019est ici que les premiers \u00eatres vivants ont commenc\u00e9 \u00e0 conqu\u00e9rir le pays par l'eau. Les  zones de passage  de la rive du lac sont \u00e9cras\u00e9es sur des bandes pratiquement incapables de survie. Le rivage est exploite jusqu'au dernier centim\u00e8tre.<\/p>\n\n\n\n<p><strong>Informations additionnelles:<\/strong><\/p>\n\n\n\n<ul class=\"wp-block-list\"><li>Flora und Fauna im und am Bielersee\u00a0 <a href=\"https:\/\/www.fischweg.ch\/wp-content\/uploads\/2022\/05\/Flora_Fauna.pdf\" target=\"_blank\" rel=\"noreferrer noopener\">>PDF<\/a><\/li><li>Feinde der Fische\u00a0 <a href=\"https:\/\/www.fischweg.ch\/wp-content\/uploads\/2022\/05\/Feinde.pdf\">>PDF<\/a><\/li><li>Nahrungsnetz\u00a0 <a href=\"https:\/\/www.fischweg.ch\/wp-content\/uploads\/2022\/05\/Nahrungsnetz.pdf\" target=\"_blank\" rel=\"noreferrer noopener\">>PDF<\/a><\/li><\/ul>\n\n\n\n<p><strong>Links:<\/strong><\/p>\n\n\n\n<ul class=\"wp-block-list\"><li><a target=\"_blank\" href=\"http:\/\/www.lake-jewel.net\/de\/biologie\/allgemein\/\" rel=\"noreferrer noopener\">Biologie von Seen<\/a><\/li><li><a target=\"_blank\" href=\"http:\/\/www.bfnu.ch\/download\/sumpfpflanzen.pdf\" rel=\"noreferrer noopener\">Sumpf und Wasserpflanzen<\/a><\/li><li><a target=\"_blank\" href=\"http:\/\/www.die3seen.ch\/category\/biologie-de\/plankton-de\/\" rel=\"noreferrer noopener\">Plankton<\/a><\/li><li><a target=\"_blank\" href=\"http:\/\/www.landkreis-wuerzburg.de\/media\/custom\/1070_86_1.PDF\" rel=\"noreferrer noopener\">Nahrungsbeziehungen in einem See<\/a><\/li><li><a target=\"_blank\" href=\"http:\/\/129.70.40.49\/nawi\/lernprogramme\/Wasser\/themen\/leben_im_wasser\/lebensraum_wasser.html\" rel=\"noreferrer noopener\">Lebensraum Wasser<\/a><\/li><\/ul>","protected":false},"excerpt":{"rendered":"<p>Wasser pr\u00e4gt seit Urzeiten das Gesicht der Landschaften auf der Erde. Es kreist, verdunstet, f\u00e4llt als Regen und Schnee auf die Erde zur\u00fcck, fliesst in B\u00e4chen und Fl\u00fcssen und f\u00fcllt Seen und Meere. Im Wasser ist das erste Leben entstanden und noch heute ist es untrennbar mit Leben verbunden, nur schon als Nahrungsmittel f\u00fcr Mensch,&hellip; <a class=\"more-link\" href=\"https:\/\/www.fischweg.ch\/fr\/die-flora-fauna-2\/\">Poursuivre la lecture <span class=\"screen-reader-text\">La flore et la faune<\/span><\/a><\/p>","protected":false},"author":1,"featured_media":247,"parent":0,"menu_order":0,"comment_status":"closed","ping_status":"closed","template":"","meta":{"footnotes":""},"class_list":["post-246","page","type-page","status-publish","has-post-thumbnail","hentry","entry"],"_links":{"self":[{"href":"https:\/\/www.fischweg.ch\/fr\/wp-json\/wp\/v2\/pages\/246","targetHints":{"allow":["GET"]}}],"collection":[{"href":"https:\/\/www.fischweg.ch\/fr\/wp-json\/wp\/v2\/pages"}],"about":[{"href":"https:\/\/www.fischweg.ch\/fr\/wp-json\/wp\/v2\/types\/page"}],"author":[{"embeddable":true,"href":"https:\/\/www.fischweg.ch\/fr\/wp-json\/wp\/v2\/users\/1"}],"replies":[{"embeddable":true,"href":"https:\/\/www.fischweg.ch\/fr\/wp-json\/wp\/v2\/comments?post=246"}],"version-history":[{"count":4,"href":"https:\/\/www.fischweg.ch\/fr\/wp-json\/wp\/v2\/pages\/246\/revisions"}],"predecessor-version":[{"id":342,"href":"https:\/\/www.fischweg.ch\/fr\/wp-json\/wp\/v2\/pages\/246\/revisions\/342"}],"wp:featuredmedia":[{"embeddable":true,"href":"https:\/\/www.fischweg.ch\/fr\/wp-json\/wp\/v2\/media\/247"}],"wp:attachment":[{"href":"https:\/\/www.fischweg.ch\/fr\/wp-json\/wp\/v2\/media?parent=246"}],"curies":[{"name":"wp","href":"https:\/\/api.w.org\/{rel}","templated":true}]}}