{"id":240,"date":"2021-10-05T17:59:33","date_gmt":"2021-10-05T17:59:33","guid":{"rendered":"https:\/\/www.fischweg.ch\/?page_id=240"},"modified":"2021-10-05T17:59:33","modified_gmt":"2021-10-05T17:59:33","slug":"die-fischgeburt-2","status":"publish","type":"page","link":"https:\/\/www.fischweg.ch\/fr\/die-fischgeburt-2\/","title":{"rendered":"La naissance des poissons"},"content":{"rendered":"<p class=\"translation-block\">A vrai dire, on parle uniquement de la <strong>naissance<\/strong> des poissons des esp\u00e8ces vivipares. Chez la plupart des plus grands poissons, la femelle pond les \u0153ufs non f\u00e9cond\u00e9s, le frai,  sur les plantes aquatiques ou les pose sur le fond des eaux ou les l\u00e2che tout simplement dans l'eau. Suite \u00e0 l'expulsion, les \u0153ufs de poisson sont ins\u00e9min\u00e9s par le m\u00e2le et commencent \u00e0 se d\u00e9velopper. Les soins parentaux chez les poissons sont bien diff\u00e9rents, il y a m\u00eame des nidificateurs et incubateurs buccaux.<\/p>\n\n\n\n<p class=\"translation-block\">&gt; <a target=\"_blank\" href=\"https:\/\/www.youtube.com\/watch?v=xkgaheTobSQ\" rel=\"noreferrer noopener\">Stichling baut Nest<\/a>\u00a0\u00a0\u00a0\u00a0\u00a0\u00a0 &gt; <a target=\"_blank\" href=\"https:\/\/www.youtube.com\/watch?v=rRgENeBbu9k\" rel=\"noreferrer noopener\">Gelber Maulbr\u00fcter<\/a><br><br>On qualifie de <strong>vivipares<\/strong> les esp\u00e8ces de poissnsn chez lesquels les \u0153ufs se d\u00e9veloppent dans l'ut\u00e9rus. Contrairement au d\u00e9veloppement des mammif\u00e8res, dont font partie les baleines et les dauphins, il n'y a ni placenta ni cordon ombilical. Pendant la ponte des \u0153ufs par la femelle, les jeunes poissons percent leurs coquilles et sont imm\u00e9diatement capables de nager. Les requins et raies p.ex. font partie des poissons qui mettent au monde la prog\u00e9niture vivante. D\u00fb \u00e0 ces circonstances, les jeunes poissons ont d\u00e9j\u00e0 atteint un stade de d\u00e9veloppement relativement avanc\u00e9. De ce fait, ils sont donc moins expos\u00e9s \u00e0 leurs ennemis.<\/p>\n\n\n\n<p>&gt; <a target=\"_blank\" href=\"https:\/\/www.youtube.com\/watch?v=KKwNjCz--30\" rel=\"noreferrer noopener\">Fischgeburt beim Schwerttr\u00e4ger<\/a>&nbsp; &nbsp; &nbsp;&nbsp; &gt; <a target=\"_blank\" href=\"http:\/\/kapstadt.org\/suedafrika-walgeburt\/\" rel=\"noreferrer noopener\">Walgeburt<\/a><br><br><br><br><strong>Autres contributions \u00e0 ce sujet:<\/strong><\/p>\n\n\n\n<ul class=\"wp-block-list\"><li><a target=\"_blank\" href=\"https:\/\/de.answers.yahoo.com\/question\/index?qid=20080112111200AAEHqph\" rel=\"noreferrer noopener\">Tragzeit bei Guppy<\/a><\/li><\/ul>","protected":false},"excerpt":{"rendered":"<p>Von einer Fischgeburt kann man eigentlich nur bei Lebendgeb\u00e4renden Arten sprechen. Bei weitaus den meisten Fischen legt das Weibchen unbefruchtete Eier, Laich genannt, an Wasserpflanzen oder am Gew\u00e4ssergrund ab oder entl\u00e4sst sie ins freie Wasser. Unmittelbar nach dem Absetzen werden die Eier vom M\u00e4nnchen besamt und k\u00f6nnen reifen. Die Brutpflege bei Fischen ist sehr unterschiedlich,&hellip; <a class=\"more-link\" href=\"https:\/\/www.fischweg.ch\/fr\/die-fischgeburt-2\/\">Poursuivre la lecture <span class=\"screen-reader-text\">La naissance des poissons<\/span><\/a><\/p>","protected":false},"author":1,"featured_media":241,"parent":0,"menu_order":0,"comment_status":"closed","ping_status":"closed","template":"","meta":{"footnotes":""},"class_list":["post-240","page","type-page","status-publish","has-post-thumbnail","hentry","entry"],"_links":{"self":[{"href":"https:\/\/www.fischweg.ch\/fr\/wp-json\/wp\/v2\/pages\/240","targetHints":{"allow":["GET"]}}],"collection":[{"href":"https:\/\/www.fischweg.ch\/fr\/wp-json\/wp\/v2\/pages"}],"about":[{"href":"https:\/\/www.fischweg.ch\/fr\/wp-json\/wp\/v2\/types\/page"}],"author":[{"embeddable":true,"href":"https:\/\/www.fischweg.ch\/fr\/wp-json\/wp\/v2\/users\/1"}],"replies":[{"embeddable":true,"href":"https:\/\/www.fischweg.ch\/fr\/wp-json\/wp\/v2\/comments?post=240"}],"version-history":[{"count":1,"href":"https:\/\/www.fischweg.ch\/fr\/wp-json\/wp\/v2\/pages\/240\/revisions"}],"predecessor-version":[{"id":242,"href":"https:\/\/www.fischweg.ch\/fr\/wp-json\/wp\/v2\/pages\/240\/revisions\/242"}],"wp:featuredmedia":[{"embeddable":true,"href":"https:\/\/www.fischweg.ch\/fr\/wp-json\/wp\/v2\/media\/241"}],"wp:attachment":[{"href":"https:\/\/www.fischweg.ch\/fr\/wp-json\/wp\/v2\/media?parent=240"}],"curies":[{"name":"wp","href":"https:\/\/api.w.org\/{rel}","templated":true}]}}