{"id":24,"date":"2021-06-14T20:33:48","date_gmt":"2021-06-14T20:33:48","guid":{"rendered":"https:\/\/fischweg.ch\/?page_id=24"},"modified":"2021-06-14T20:38:46","modified_gmt":"2021-06-14T20:38:46","slug":"besuchen","status":"publish","type":"page","link":"https:\/\/www.fischweg.ch\/fr\/besuchen\/","title":{"rendered":"Visite"},"content":{"rendered":"<p>Moi, je suis PEDRO. Venez me voir au bord du lac. Entre les embarcad\u00e8res de Gl\u00e9resse et de Douanne, vous trouverez sur le sentier neuf grands panneaux d\u2019informations en couleur d\u2019eau, bilingue (allemand-fran\u00e7ais), avec des informations sur les sujets suivants : nous les poissons, le lac, la flore et la faune et la p\u00eache. Je vous accompagnerai tout le long de votre d\u00e9couverte.<\/p>\n\n\n\n<p><\/p>\n\n\n\n<figure class=\"wp-block-image size-large\"><img loading=\"lazy\" decoding=\"async\" width=\"790\" height=\"280\" src=\"https:\/\/fischweg.ch\/wp-content\/uploads\/2021\/06\/Der-Weg-001.png\" alt=\"\" class=\"wp-image-32\" srcset=\"https:\/\/www.fischweg.ch\/wp-content\/uploads\/2021\/06\/Der-Weg-001.png 790w, https:\/\/www.fischweg.ch\/wp-content\/uploads\/2021\/06\/Der-Weg-001-300x106.png 300w, https:\/\/www.fischweg.ch\/wp-content\/uploads\/2021\/06\/Der-Weg-001-768x272.png 768w\" sizes=\"auto, (max-width: 790px) 100vw, 790px\" \/><\/figure>\n\n\n\n<p class=\"has-small-font-size\"><\/p>","protected":false},"excerpt":{"rendered":"<p>Ich bin PEDRO, kommen Sie zu mir an den Bielersee. Bei einem Spaziergang auf dem Uferweg am Bielersee treffen Sie zwischen der Schiffl\u00e4ndte Twann und der Schiffl\u00e4ndte Ligerz auf neun grosse wasserfarbene Informationstafeln in deutscher und franz\u00f6sischer Sprache zu Themen \u00fcber uns Fische, den See, die Flora und Fauna und die Fischerei. Ich werde Sie&hellip; <a class=\"more-link\" href=\"https:\/\/www.fischweg.ch\/fr\/besuchen\/\">Poursuivre la lecture <span class=\"screen-reader-text\">Visite<\/span><\/a><\/p>","protected":false},"author":1,"featured_media":0,"parent":0,"menu_order":0,"comment_status":"closed","ping_status":"closed","template":"","meta":{"footnotes":""},"class_list":["post-24","page","type-page","status-publish","hentry","entry"],"_links":{"self":[{"href":"https:\/\/www.fischweg.ch\/fr\/wp-json\/wp\/v2\/pages\/24","targetHints":{"allow":["GET"]}}],"collection":[{"href":"https:\/\/www.fischweg.ch\/fr\/wp-json\/wp\/v2\/pages"}],"about":[{"href":"https:\/\/www.fischweg.ch\/fr\/wp-json\/wp\/v2\/types\/page"}],"author":[{"embeddable":true,"href":"https:\/\/www.fischweg.ch\/fr\/wp-json\/wp\/v2\/users\/1"}],"replies":[{"embeddable":true,"href":"https:\/\/www.fischweg.ch\/fr\/wp-json\/wp\/v2\/comments?post=24"}],"version-history":[{"count":3,"href":"https:\/\/www.fischweg.ch\/fr\/wp-json\/wp\/v2\/pages\/24\/revisions"}],"predecessor-version":[{"id":34,"href":"https:\/\/www.fischweg.ch\/fr\/wp-json\/wp\/v2\/pages\/24\/revisions\/34"}],"wp:attachment":[{"href":"https:\/\/www.fischweg.ch\/fr\/wp-json\/wp\/v2\/media?parent=24"}],"curies":[{"name":"wp","href":"https:\/\/api.w.org\/{rel}","templated":true}]}}