{"id":237,"date":"2021-10-05T17:58:39","date_gmt":"2021-10-05T17:58:39","guid":{"rendered":"https:\/\/www.fischweg.ch\/?page_id=237"},"modified":"2022-05-01T20:25:35","modified_gmt":"2022-05-01T20:25:35","slug":"die-fische-im-bielersee-2","status":"publish","type":"page","link":"https:\/\/www.fischweg.ch\/fr\/die-fische-im-bielersee-2\/","title":{"rendered":"Les poissons dans le lac"},"content":{"rendered":"<p>La diversit\u00e9 des esp\u00e8ces de poissons qui vivent dans le lac de Bienne impressionne. Ce lac plut\u00f4t plat avec de larges zones de rivages naturels offre non seulement suffisamment d\u2019espace vital aux nombreux poissons, mais \u00e9galement des endroits propices \u00e0 l'habitat, l'abri et voir m\u00eame aux fray\u00e8res.<\/p>\n\n\n\n<p class=\"translation-block\">A proximit\u00e9 du rivage, dans les ceintures de roseaux et dans l'herbe de frai, vivent les poissons blancs qui d\u00e9vorent les plantes et les algues ainsi que les brochets pr\u00e9dateurs et les perches. Les feras et la truite du lac devenue extr\u00eamement rare dominent dans l'eau du large. Les Groschen et les silures actifs de nuit, sans \u00e9cailles - les  plus grands poissons dans notre lac - trouvent leur nourriture plut\u00f4t sur les fonds  lacustres. Selon la saison, le courant et l'offre alimentaire, les poissons changent d'endroits.<\/p>\n\n\n\n<p>> <a href=\"https:\/\/www.fischweg.ch\/wp-content\/uploads\/2022\/05\/Die_Fische_im_Bielersee.pdf\" target=\"_blank\" rel=\"noreferrer noopener\">Les poissons dans le lac<\/a>\u00a0 \u00a0 > <a href=\"https:\/\/www.fischweg.ch\/wp-content\/uploads\/2022\/05\/Der_Laich.pdf\">Der Laich<\/a>\u00a0\u00a0\u00a0\u00a0 > <a href=\"https:\/\/www.fischweg.ch\/wp-content\/uploads\/2022\/05\/Die_Fangsaison.pdf\">Die Fangsaison<\/a>\u00a0\u00a0\u00a0\u00a0\u00a0 > <a href=\"https:\/\/www.fischweg.ch\/wp-content\/uploads\/2022\/05\/Feinde.pdf\" target=\"_blank\" rel=\"noreferrer noopener\">Nat\u00fcrliche Feinde<\/a><br><br><strong>De nos jours, ils existent toujours plus de 30 esp\u00e8ces diff\u00e9rentes de poissons dans le lac de Bienne. En voici les quatres groupes:<\/strong><br>A Weissfische (Karpfenartige), Cypriniden<br>B Edelfische, Salmoniden, Merkmal: Fettflosse<br>C Raubfische: Hecht, Egli, Tr\u00fcsche, Wels, Zander<br>D Nicht heimische: Zander, Regenbogenforelle, Sonnenbarsch<\/p>\n\n\n\n<p><strong>Links:<\/strong><br>Fangertr\u00e4ge:&nbsp; <a href=\"http:\/\/www.vol.be.ch\/vol\/de\/index\/natur\/fischerei\/statistik.html\">www.vol.be.ch\/vol\/de\/index\/natur\/fischerei\/statistik.html<\/a><br>Artenf\u00f6rderung: <a href=\"http:\/\/www.vol.be.ch\/vol\/de\/index\/natur\/fischerei\/artenfoerderung.html\">www.vol.be.ch\/vol\/de\/index\/natur\/fischerei\/artenfoerderung.html<\/a><br>Wasserst\u00e4nde: <a href=\"http:\/\/www.naturgefahren.sites.be.ch\/naturgefahren_sites\/de\/index\/aktuelle_wasserdaten\/karte_nord.html\">www.naturgefahren.sites.be.ch\/naturgefahren_sites\/de\/index\/aktuelle_wasserdaten\/karte_nord.html<\/a><\/p>","protected":false},"excerpt":{"rendered":"<p>Die Artenvielfalt im Bielersee ist sehr gross. Der eher flache See mit noch weiten nat\u00fcrlichen Uferbereichen bietet nicht nur ausreichend Fl\u00e4che f\u00fcr die verschiedenen Fischarten, sondern auch viele Teil-Lebensr\u00e4ume, so dass er den verschiedenen Anspr\u00fcchen an Nahrung, Unterst\u00e4nden und Laichpl\u00e4tzen gen\u00fcgt. In Ufern\u00e4he, in den R\u00f6hrichtg\u00fcrteln und im Laichkraut sind die Pflanzen und Algen fressenden&hellip; <a class=\"more-link\" href=\"https:\/\/www.fischweg.ch\/fr\/die-fische-im-bielersee-2\/\">Poursuivre la lecture <span class=\"screen-reader-text\">Les poissons dans le lac<\/span><\/a><\/p>","protected":false},"author":1,"featured_media":238,"parent":0,"menu_order":0,"comment_status":"closed","ping_status":"closed","template":"","meta":{"footnotes":""},"class_list":["post-237","page","type-page","status-publish","has-post-thumbnail","hentry","entry"],"_links":{"self":[{"href":"https:\/\/www.fischweg.ch\/fr\/wp-json\/wp\/v2\/pages\/237","targetHints":{"allow":["GET"]}}],"collection":[{"href":"https:\/\/www.fischweg.ch\/fr\/wp-json\/wp\/v2\/pages"}],"about":[{"href":"https:\/\/www.fischweg.ch\/fr\/wp-json\/wp\/v2\/types\/page"}],"author":[{"embeddable":true,"href":"https:\/\/www.fischweg.ch\/fr\/wp-json\/wp\/v2\/users\/1"}],"replies":[{"embeddable":true,"href":"https:\/\/www.fischweg.ch\/fr\/wp-json\/wp\/v2\/comments?post=237"}],"version-history":[{"count":3,"href":"https:\/\/www.fischweg.ch\/fr\/wp-json\/wp\/v2\/pages\/237\/revisions"}],"predecessor-version":[{"id":332,"href":"https:\/\/www.fischweg.ch\/fr\/wp-json\/wp\/v2\/pages\/237\/revisions\/332"}],"wp:featuredmedia":[{"embeddable":true,"href":"https:\/\/www.fischweg.ch\/fr\/wp-json\/wp\/v2\/media\/238"}],"wp:attachment":[{"href":"https:\/\/www.fischweg.ch\/fr\/wp-json\/wp\/v2\/media?parent=237"}],"curies":[{"name":"wp","href":"https:\/\/api.w.org\/{rel}","templated":true}]}}