{"id":234,"date":"2021-10-05T17:57:43","date_gmt":"2021-10-05T17:57:43","guid":{"rendered":"https:\/\/www.fischweg.ch\/?page_id=234"},"modified":"2022-05-01T20:22:21","modified_gmt":"2022-05-01T20:22:21","slug":"der-bielersee-2","status":"publish","type":"page","link":"https:\/\/www.fischweg.ch\/fr\/der-bielersee-2\/","title":{"rendered":"Le Lac de Bienne"},"content":{"rendered":"<p>Les deux corrections d'eaux du Jura aux 19e et 20e si\u00e8cles ont corrig\u00e9 de mani\u00e8re d\u00e9termin\u00e9e le paysage inondable, comme il avait \u00e9t\u00e9 caract\u00e9ris\u00e9 par le recul du glacier du Rh\u00f4ne. D\u00fb \u00e0 cette situation bien critique, les cantons de Berne, Fribourg, Vaud, Neuch\u00e2tel et Soleure ont effectu\u00e9 conjointement la 1\u00e8re correction d'eaux du Jura (de 1868 \u00e0 1878). Suite \u00e0 un tassement de pr\u00e8s de 2,5 m, le lac de Bienne a diminu\u00e9 sa superficie de 3,3 km2.<\/p>\n\n\n\n<p>Et c\u2019est depuis 1878 que l\u2019Aar coule d\u2018Aarberg \u00e0 travers le nouveau canal de Hagneck dans le lac de Bienne et r\u00e9duit ainsi le temps de renouvellement d'eau moyen de 250 \u00e0 59 jours actuellement.<\/p>\n\n\n\n<p>En 1939, le barrage de r\u00e9gulation Port \u00e9tait mis en service via l'\u00e9cluse du canal. La 2\u00e8me correction d'eaux du Jura (de 1962 \u00e0 1973) englobait l'\u00e9largissement, l\u2019approfondissement et l'am\u00e9nagement des rives de la  Broye, du canal de la Zihl et celui de Nidau \u00e0 Buren ainsi que le cours de l\u2019Aar de Buren \u00e0 Blumenthal. Les fluctuations du plan d\u2018eau des lacs de bordures du Jura ont de ce fait encore pu \u00eatre r\u00e9duites. D'une part, les niveaux de la crue \u00e9taient adapt\u00e9s aux tassements du terrain actuel et par la suite baiss\u00e9s d\u2019un m\u00e8tre environ. D'autre part, le niveau d'eau sur les plages descendait de pr\u00e8s d'un m\u00e8tre pour la navigation, la p\u00eache et le paysage. Suite \u00e0 la garantie de l'\u00e9chelle d'\u00e9tiage l'\u00e9galisation de l'eau dans le canal de la Zihl se jetant du lac de Neuch\u00e2tel dans le lac de Bienne change de direction et s'\u00e9coule du lac de Bienne dans le lac de Neuch\u00e2tel.<\/p>\n\n\n\n<p><strong>Voici quelques  th\u00e8mes des archives du lac de Bienne:<\/strong><\/p>\n\n\n\n<ul class=\"wp-block-list\"><li><a rel=\"noreferrer noopener\" href=\"http:\/\/www.kulturspur.ch\/publikum\/jgk.htm\" target=\"_blank\">Die Juragew\u00e4sserkorrektionen (Kulturspur)<\/a><\/li><li><a rel=\"noreferrer noopener\" href=\"http:\/\/www.memreg.ch\/dossier.cfm?action=show&amp;id=102\" target=\"_blank\">Die Korrektion der Juragew\u00e4sser (m\u00e9moire r\u00e9gional)<\/a><\/li><li><a rel=\"noreferrer noopener\" href=\"http:\/\/www.natuerlich-online.ch\/magazin\/artikel\/ein-fluss-im-rueckwaertsgang\/\" target=\"_blank\">Ein Fluss im R\u00fcckw\u00e4rtsgang (nat\u00fcrlich)<\/a><\/li><li><a href=\"https:\/\/www.fischweg.ch\/wp-content\/uploads\/2022\/05\/4.4_Canal_d_Entreroches.pdf\" target=\"_blank\" rel=\"noreferrer noopener\">Der Kanal d&#8217;Entreroches (Peter Haas)<\/a><\/li><li><a rel=\"noreferrer noopener\" href=\"http:\/\/map.geo.admin.ch\/?selectedNode=node_ch.swisstopo.geologie-eiszeit-lgm-raster1&amp;Y=601670.00&amp;X=219375.00&amp;zoom=3&amp;bgLayer=ch.swisstopo.pixelkarte-farbe&amp;lang=de&amp;topic=ech&amp;layers=ch.swisstopo.geologie-eiszeit-lgm-raster\" target=\"_blank\">Eiszeitliches Maximum (map.geo)<\/a><\/li><li><a href=\"https:\/\/www.fischweg.ch\/wp-content\/uploads\/2022\/05\/4.6_Das_Seeland_seit_der_Eiszeit.pdf\" target=\"_blank\" rel=\"noreferrer noopener\">Das Seeland seit der Eiszeit (Arbeitsblatt)<\/a><\/li><li><a href=\"https:\/\/www.fischweg.ch\/wp-content\/uploads\/2022\/05\/4.7_Bielersee__Die_letzte_Seegfro__rni_wurde_zum_Volksfest_-_News_Region__Seeland___Jura_-_bernerzeitung.ch_.pdf\" target=\"_blank\" rel=\"noreferrer noopener\">Seegfr\u00f6rni 1963 (Berner Zeitung)<\/a><\/li><li><a rel=\"noreferrer noopener\" href=\"http:\/\/www.youtube.com\/watch?v=CKjDVRYBySs\" target=\"_blank\">Bielersee Hochwasser August 2007 (youtube)<\/a><\/li><\/ul>\n\n\n\n<p><\/p>","protected":false},"excerpt":{"rendered":"<p>Die beiden Juragew\u00e4sserkorrektionen im 19. und 20. Jahrhundert haben die \u00fcberschwemmungsanf\u00e4llige Landschaft, wie sie beim R\u00fcckgang des Rhonegletschers gepr\u00e4gt worden war, gezielt korrigiert. Aus einer echten Notlage heraus f\u00fchrten die Kantone Bern, Freiburg, Waadt, Neuenburg und Solothurn gemeinsam die 1. Juragew\u00e4sserkorrektion (1868 bis 1878) durch. In Folge Absenkung um 2.5 m ist der Bielersee um&hellip; <a class=\"more-link\" href=\"https:\/\/www.fischweg.ch\/fr\/der-bielersee-2\/\">Poursuivre la lecture <span class=\"screen-reader-text\">Le Lac de Bienne<\/span><\/a><\/p>","protected":false},"author":1,"featured_media":235,"parent":0,"menu_order":0,"comment_status":"closed","ping_status":"closed","template":"","meta":{"footnotes":""},"class_list":["post-234","page","type-page","status-publish","has-post-thumbnail","hentry","entry"],"_links":{"self":[{"href":"https:\/\/www.fischweg.ch\/fr\/wp-json\/wp\/v2\/pages\/234","targetHints":{"allow":["GET"]}}],"collection":[{"href":"https:\/\/www.fischweg.ch\/fr\/wp-json\/wp\/v2\/pages"}],"about":[{"href":"https:\/\/www.fischweg.ch\/fr\/wp-json\/wp\/v2\/types\/page"}],"author":[{"embeddable":true,"href":"https:\/\/www.fischweg.ch\/fr\/wp-json\/wp\/v2\/users\/1"}],"replies":[{"embeddable":true,"href":"https:\/\/www.fischweg.ch\/fr\/wp-json\/wp\/v2\/comments?post=234"}],"version-history":[{"count":4,"href":"https:\/\/www.fischweg.ch\/fr\/wp-json\/wp\/v2\/pages\/234\/revisions"}],"predecessor-version":[{"id":326,"href":"https:\/\/www.fischweg.ch\/fr\/wp-json\/wp\/v2\/pages\/234\/revisions\/326"}],"wp:featuredmedia":[{"embeddable":true,"href":"https:\/\/www.fischweg.ch\/fr\/wp-json\/wp\/v2\/media\/235"}],"wp:attachment":[{"href":"https:\/\/www.fischweg.ch\/fr\/wp-json\/wp\/v2\/media?parent=234"}],"curies":[{"name":"wp","href":"https:\/\/api.w.org\/{rel}","templated":true}]}}