{"id":231,"date":"2021-10-05T17:56:37","date_gmt":"2021-10-05T17:56:37","guid":{"rendered":"https:\/\/www.fischweg.ch\/?page_id=231"},"modified":"2022-05-01T20:16:06","modified_gmt":"2022-05-01T20:16:06","slug":"die-koerperform-der-fische-2","status":"publish","type":"page","link":"https:\/\/www.fischweg.ch\/fr\/die-koerperform-der-fische-2\/","title":{"rendered":"La morphologie des poissons"},"content":{"rendered":"<ul class=\"wp-block-list\"><li>Etes-vous n\u00e9s sous le signe astrologique du poisson ? Avez-vous coll\u00e9 un autocollant avec un poisson \u00e0 l\u2019arri\u00e8re de votre voiture?<\/li><li>Avez-vous d\u00e9j\u00e0 rencontr\u00e9 un super brochet, qui s'est pourtant av\u00e9r\u00e9 \u00e0 l'examen plus pr\u00e9cis \u00eatre un poisson plut\u00f4t petit ?<\/li><li>Vous \u00eates-vous d\u00e9j\u00e0 agit\u00e9s comme une truite, tordus comme une anguille \u2028ou avez-vous plut\u00f4t eu l'impression d'\u00eatre un flet ?<\/li><\/ul>\n\n\n\n<p>Nous avons tous un rapport avec les poissons et la p\u00eache. A vrai dire, chaque enfant se fait une id\u00e9e d\u2018un poisson : il a des \u00e9cailles, il vit dans l'eau , il peut nager. Ce sont d\u00e9j\u00e0 trois crit\u00e8res essentiels, mais il reste encore tant \u00e0 apprendre sur les poissons.<br><\/p>\n\n\n\n<p><strong>Pour en savoir plus, vous pouvez d\u00e9j\u00e0 trouver plus d'information en empruntant le \u2018sentier des poissons\u2019 et en faisant connaissance avec le grand Pedro de fer gr\u00e2ce \u00e0 l'application suivant.<\/strong><\/p>\n\n\n\n<ul class=\"wp-block-list\"><li><a rel=\"noreferrer noopener\" href=\"http:\/\/www.fischereiverein-melle.de\/Fischkunde\/kleine_fischkunde.htm\" target=\"_blank\">Kleine Fischkunde<\/a><\/li><li><a rel=\"noreferrer noopener\" href=\"http:\/\/www.fischlexikon.eu\/fischlexikon\/anatomie\/index.php\" target=\"_blank\">Fischlexikon<\/a><\/li><li><a href=\"https:\/\/www.fischweg.ch\/wp-content\/uploads\/2022\/05\/3.3_Fischkoerper.pdf\">Aufbau und Funktion des Fischk\u00f6rpers<\/a><\/li><\/ul>\n\n\n\n<p><br><strong>Application :<\/strong><\/p>\n\n\n\n<ul class=\"wp-block-list\"><li><a target=\"_blank\" href=\"https:\/\/itunes.apple.com\/ch\/app\/fische-pro-nature-mobile\/id666259744?mt=8\" rel=\"noreferrer noopener\">Fische&nbsp; PRO-NATURE MOBILE<\/a><\/li><\/ul>","protected":false},"excerpt":{"rendered":"<p>Sind Sie im Sternzeichen des Fisches geboren? Haben Sie am Autoheck einen Fisch aufgeklebt? Sind Sie schon einem tollen Hecht begegnet, der sich bei n\u00e4herer Pr\u00fcfung dann doch als eher kleiner Fisch herausgestellt hat? Haben Sie sich schon flink wie eine Forelle bewegt, sich gewunden wie ein Aal oder sind schon platt wie eine Flunder&hellip; <a class=\"more-link\" href=\"https:\/\/www.fischweg.ch\/fr\/die-koerperform-der-fische-2\/\">Poursuivre la lecture <span class=\"screen-reader-text\">La morphologie des poissons<\/span><\/a><\/p>","protected":false},"author":1,"featured_media":232,"parent":0,"menu_order":0,"comment_status":"closed","ping_status":"closed","template":"","meta":{"footnotes":""},"class_list":["post-231","page","type-page","status-publish","has-post-thumbnail","hentry","entry"],"_links":{"self":[{"href":"https:\/\/www.fischweg.ch\/fr\/wp-json\/wp\/v2\/pages\/231","targetHints":{"allow":["GET"]}}],"collection":[{"href":"https:\/\/www.fischweg.ch\/fr\/wp-json\/wp\/v2\/pages"}],"about":[{"href":"https:\/\/www.fischweg.ch\/fr\/wp-json\/wp\/v2\/types\/page"}],"author":[{"embeddable":true,"href":"https:\/\/www.fischweg.ch\/fr\/wp-json\/wp\/v2\/users\/1"}],"replies":[{"embeddable":true,"href":"https:\/\/www.fischweg.ch\/fr\/wp-json\/wp\/v2\/comments?post=231"}],"version-history":[{"count":2,"href":"https:\/\/www.fischweg.ch\/fr\/wp-json\/wp\/v2\/pages\/231\/revisions"}],"predecessor-version":[{"id":320,"href":"https:\/\/www.fischweg.ch\/fr\/wp-json\/wp\/v2\/pages\/231\/revisions\/320"}],"wp:featuredmedia":[{"embeddable":true,"href":"https:\/\/www.fischweg.ch\/fr\/wp-json\/wp\/v2\/media\/232"}],"wp:attachment":[{"href":"https:\/\/www.fischweg.ch\/fr\/wp-json\/wp\/v2\/media?parent=231"}],"curies":[{"name":"wp","href":"https:\/\/api.w.org\/{rel}","templated":true}]}}