{"id":227,"date":"2021-10-05T17:46:11","date_gmt":"2021-10-05T17:46:11","guid":{"rendered":"https:\/\/www.fischweg.ch\/?page_id=227"},"modified":"2022-05-01T20:14:25","modified_gmt":"2022-05-01T20:14:25","slug":"die-wasserqualitaet-2","status":"publish","type":"page","link":"https:\/\/www.fischweg.ch\/fr\/die-wasserqualitaet-2\/","title":{"rendered":"La qualit\u00e9 de l\u2019eau"},"content":{"rendered":"<p>Les deux corrections des eaux du Jura aux 19e et 20e si\u00e8cles ont radicalement modifi\u00e9 l\u2019\u00e9quilibre de l'eau dans le Lac de Bienne. Depuis 1878, l\u2019Aar se jette \u00e0 Aarberg dans le lac de Bienne. La dur\u00e9e du renouvellement de l'eau de ce lac a ainsi \u00e9t\u00e9 r\u00e9duite en moyenne de 250 \u00e0 59 jours. A titre de comparaison : dans le lac de Zoug, elle est de 13 ans. A l\u2019\u00e9poque lorsque encore beaucoup d'eaux r\u00e9siduelles  se jetaient dans les lacs, cela avait pr\u00e9serv\u00e9 le lac de Bienne d'une catastrophe. Aujourd'hui, celui-ci fait partie des eaux suisses les plus riches en poissons avec ses eaux douces et comparativement chaudes.<br><br><strong>Autres documents relatifs \u00e0 d\u2019autres aspects essentiels pour la qualit\u00e9 de l'eau du lac:<\/strong><\/p>\n\n\n\n<ul class=\"wp-block-list\"><li><a rel=\"noreferrer noopener\" href=\"http:\/\/www.die3seen.ch\/\" target=\"_blank\">Les 3 lacs<\/a><\/li><li><a rel=\"noreferrer noopener\" href=\"http:\/\/www.klassewasser.de\/content\/language1\/html\/3653.php\" target=\"_blank\">Die Anomalie des Wassers<\/a><\/li><li><a href=\"https:\/\/www.fischweg.ch\/wp-content\/uploads\/2022\/05\/2.2_Sauerstoffgehalt__im_Wasser_.pdf\" target=\"_blank\" rel=\"noreferrer noopener\">Sauerstoffgehalt im Wasser<\/a><\/li><li><a href=\"https:\/\/www.fischweg.ch\/wp-content\/uploads\/2022\/05\/2.3_Algen_-_Biologie.pdf\" data-type=\"URL\" data-id=\"https:\/\/www.fischweg.ch\/wp-content\/uploads\/2022\/05\/2.3_Algen_-_Biologie.pdf\" target=\"_blank\" rel=\"noreferrer noopener\">Algen<\/a><\/li><li><a href=\"https:\/\/www.fischweg.ch\/wp-content\/uploads\/2022\/05\/2.4_GBL_Plankton_-_ein_See_voller_Leben.pdf\" target=\"_blank\" rel=\"noreferrer noopener\">Plankton<\/a><\/li><\/ul>\n\n\n\n<p><\/p>","protected":false},"excerpt":{"rendered":"<p>Die beiden Juragew\u00e4sserkorrektionen im 19. und 20. Jahrhundert haben den Wasserhaushalt im Bielersee wesentlich ver\u00e4ndert. Seit 1878 fliesst die Aare aus Aarberg in den Bielersee. Die durchschnittliche Wassererneuerungszeit des Bielersees wurde dadurch von 250 auf 59 Tage verk\u00fcrzt (zum Vergleich: im Zugersee betr\u00e4gt sie 13 Jahre!). Vor allem zur Zeit als noch viele Abw\u00e4sser ungekl\u00e4rt&hellip; <a class=\"more-link\" href=\"https:\/\/www.fischweg.ch\/fr\/die-wasserqualitaet-2\/\">Poursuivre la lecture <span class=\"screen-reader-text\">La qualit\u00e9 de l\u2019eau<\/span><\/a><\/p>","protected":false},"author":1,"featured_media":228,"parent":0,"menu_order":0,"comment_status":"closed","ping_status":"closed","template":"","meta":{"footnotes":""},"class_list":["post-227","page","type-page","status-publish","has-post-thumbnail","hentry","entry"],"_links":{"self":[{"href":"https:\/\/www.fischweg.ch\/fr\/wp-json\/wp\/v2\/pages\/227","targetHints":{"allow":["GET"]}}],"collection":[{"href":"https:\/\/www.fischweg.ch\/fr\/wp-json\/wp\/v2\/pages"}],"about":[{"href":"https:\/\/www.fischweg.ch\/fr\/wp-json\/wp\/v2\/types\/page"}],"author":[{"embeddable":true,"href":"https:\/\/www.fischweg.ch\/fr\/wp-json\/wp\/v2\/users\/1"}],"replies":[{"embeddable":true,"href":"https:\/\/www.fischweg.ch\/fr\/wp-json\/wp\/v2\/comments?post=227"}],"version-history":[{"count":5,"href":"https:\/\/www.fischweg.ch\/fr\/wp-json\/wp\/v2\/pages\/227\/revisions"}],"predecessor-version":[{"id":317,"href":"https:\/\/www.fischweg.ch\/fr\/wp-json\/wp\/v2\/pages\/227\/revisions\/317"}],"wp:featuredmedia":[{"embeddable":true,"href":"https:\/\/www.fischweg.ch\/fr\/wp-json\/wp\/v2\/media\/228"}],"wp:attachment":[{"href":"https:\/\/www.fischweg.ch\/fr\/wp-json\/wp\/v2\/media?parent=227"}],"curies":[{"name":"wp","href":"https:\/\/api.w.org\/{rel}","templated":true}]}}