{"id":191,"date":"2021-10-05T15:24:01","date_gmt":"2021-10-05T15:24:01","guid":{"rendered":"https:\/\/www.fischweg.ch\/?page_id=191"},"modified":"2021-10-05T15:24:01","modified_gmt":"2021-10-05T15:24:01","slug":"wanderwege","status":"publish","type":"page","link":"https:\/\/www.fischweg.ch\/fr\/wanderwege\/","title":{"rendered":"Balade \u00e0 pied"},"content":{"rendered":"<p><strong>Balade \u00e0 pied dans une r\u00e9gion magnifique<\/strong><\/p>\n\n\n\n<ul class=\"wp-block-list\"><li class=\"translation-block\"><strong>Le sentier didactique<\/strong> viticole de Douanne \u00e0 Gl\u00e9resse vous informe sur tous les secrets du vin et en particulier sur la viticulture sur cette rive du lac de Bienne. A l\u2019arriv\u00e9e de Gl\u00e9resse se trouve le Mus\u00e9e de la vigne \u2018Le Fornel\u2019. Le d\u00e9part de ce sentier se situe apr\u00e8s le pont sur la gorge du Twannbach \u00e0 Douanne. (dur\u00e9e env. 1h).<\/li><li class=\"translation-block\"><strong>Le sentier de p\u00e9l\u00e9rinage<\/strong> \u2013 partiellement ou directement sur le Sentier des vignes  - vous m\u00e8ne de Klein-Twann \u00e0 travers les vignes jusqu\u2019\u00e0 l\u2019\u00e9glise de Gl\u00e9resse. Depuis l\u00e0, vous rejoignez soit l\u2019embarcad\u00e8re soit la station de train ou vous continuez sur le sentier direction La Neuveville.<\/li><li class=\"translation-block\"><strong>Le sentier des vignes<\/strong> \u2013 une randonn\u00e9e vari\u00e9e, id\u00e9ale \u00e0 faire au printemps et en automne \u2013 se situe \u00e0 une hauteur moyenne le long de la pente la plus au sud du Jura avec une vue spectaculaire sur le lac. Des murs ouvrag\u00e9s en nature et des ruelles \u00e9troites avec des maisons pittoresques ornent les petits villages de vignerons.<\/li><li><strong><strong>Vinifuni<\/strong> chemin de panorama <a href=\"\/fr\/www.vinifuni.ch\/\">www.vinifuni.ch<\/a><\/strong>&nbsp; <a href=\"http:\/\/www.vinifuni.ch\">www.vinifuni.ch<br><\/a><\/li><li><strong>La gorge de Douanne<\/strong> m\u00e8ne \u00e0 Gl\u00e9resse ou \u00e0 Douanne<br>Droit de passage : CHF 2.- pour adultes, CHF 1.- pour enfants<br>Route classique avec d\u00e9part de Bienne \u2013 funiculaire Macolin ; de la station amont partir en direction ouest pour Twannberg (h\u00f4tel, place de grillade, place de jeu, e.a.), puis faire la descente par la gorge du Twannberg direction Douanne resp Schernelz jusqu\u2019\u00e0 Gl\u00e9resse<br>(dur\u00e9e environ 3h).<br>De bonnes chaussures sont recommand\u00e9es.<\/li><\/ul>\n\n\n\n<p>L\u2019office de tourisme \u00e0 Douanne vous fournit, sur demande, la documentation sur les offres d\u2019excursions et des sentiers de ressourcements.<\/p>\n\n\n\n<p>Tel. 032 315 76 67&nbsp;&nbsp;&nbsp;&nbsp;&nbsp;&nbsp;&nbsp;&nbsp;&nbsp;&nbsp;&nbsp;&nbsp; E-Mail&nbsp; <a href=\"mailto:info@bielersee-tourismus.ch\">info@bielersee-tourismus.ch<\/a><\/p>","protected":false},"excerpt":{"rendered":"<p>Zu Fuss eine traumhafte Gegend entdecken Der Reblehrpfad von Twann nach Ligerz l\u00e4sst Sie inmitten der Reben viel Wissenswertes rund um den Wein und speziell \u00fcber den Weinbau am Bielersee erfahren. Am Ziel in Ligerz befindet sich das Rebbaumuseum &#8222;Hof&#8220;. Start des Lehrpfades ist in Twann unmittelbar nach der Br\u00fccke \u00fcber die Twannbachschlucht. (Wanderzeit ca.&hellip; <a class=\"more-link\" href=\"https:\/\/www.fischweg.ch\/fr\/wanderwege\/\">Poursuivre la lecture <span class=\"screen-reader-text\">Balade \u00e0 pied<\/span><\/a><\/p>","protected":false},"author":1,"featured_media":0,"parent":0,"menu_order":0,"comment_status":"closed","ping_status":"closed","template":"","meta":{"footnotes":""},"class_list":["post-191","page","type-page","status-publish","hentry","entry"],"_links":{"self":[{"href":"https:\/\/www.fischweg.ch\/fr\/wp-json\/wp\/v2\/pages\/191","targetHints":{"allow":["GET"]}}],"collection":[{"href":"https:\/\/www.fischweg.ch\/fr\/wp-json\/wp\/v2\/pages"}],"about":[{"href":"https:\/\/www.fischweg.ch\/fr\/wp-json\/wp\/v2\/types\/page"}],"author":[{"embeddable":true,"href":"https:\/\/www.fischweg.ch\/fr\/wp-json\/wp\/v2\/users\/1"}],"replies":[{"embeddable":true,"href":"https:\/\/www.fischweg.ch\/fr\/wp-json\/wp\/v2\/comments?post=191"}],"version-history":[{"count":1,"href":"https:\/\/www.fischweg.ch\/fr\/wp-json\/wp\/v2\/pages\/191\/revisions"}],"predecessor-version":[{"id":192,"href":"https:\/\/www.fischweg.ch\/fr\/wp-json\/wp\/v2\/pages\/191\/revisions\/192"}],"wp:attachment":[{"href":"https:\/\/www.fischweg.ch\/fr\/wp-json\/wp\/v2\/media?parent=191"}],"curies":[{"name":"wp","href":"https:\/\/api.w.org\/{rel}","templated":true}]}}