{"id":186,"date":"2021-10-05T15:21:48","date_gmt":"2021-10-05T15:21:48","guid":{"rendered":"https:\/\/www.fischweg.ch\/?page_id=186"},"modified":"2021-10-05T15:21:48","modified_gmt":"2021-10-05T15:21:48","slug":"lust-auf-mehr","status":"publish","type":"page","link":"https:\/\/www.fischweg.ch\/fr\/lust-auf-mehr\/","title":{"rendered":"Envie de plus"},"content":{"rendered":"<p>Lors de votre visite du sentier, faites escale dans un des restaurants sympathiques pour y d\u00e9guster un bon plat de poisson, prenez un ap\u00e9ro sur une des terrasses ensoleill\u00e9es, baladez-vous surtout dans les petites ruelles des villages. Et encore, \u00e9vadez-vous sur la Montagne de Diesse ou profitez d\u2019une croisi\u00e8re sur le lac. Allez \u00e0 la d\u00e9couverte de la grande diversit\u00e9 de cette r\u00e9gion!<\/p>\n\n\n\n<figure class=\"wp-block-image size-full\"><img loading=\"lazy\" decoding=\"async\" width=\"790\" height=\"290\" src=\"https:\/\/www.fischweg.ch\/wp-content\/uploads\/2021\/10\/DSC_8077-001.png\" alt=\"\" class=\"wp-image-187\" srcset=\"https:\/\/www.fischweg.ch\/wp-content\/uploads\/2021\/10\/DSC_8077-001.png 790w, https:\/\/www.fischweg.ch\/wp-content\/uploads\/2021\/10\/DSC_8077-001-300x110.png 300w, https:\/\/www.fischweg.ch\/wp-content\/uploads\/2021\/10\/DSC_8077-001-768x282.png 768w\" sizes=\"auto, (max-width: 790px) 100vw, 790px\" \/><\/figure>","protected":false},"excerpt":{"rendered":"<p>Lors de votre visite du sentier, faites escale dans un des restaurants sympathiques pour y d\u00e9guster un bon plat de poisson, prenez un ap\u00e9ro sur une des terrasses ensoleill\u00e9es, baladez-vous surtout dans les petites ruelles des villages. Et encore, \u00e9vadez-vous sur la Montagne de Diesse ou profitez d\u2019une croisi\u00e8re sur le lac. Allez \u00e0 la d\u00e9couverte de la grande diversit\u00e9 de cette r\u00e9gion!<\/p>","protected":false},"author":1,"featured_media":0,"parent":0,"menu_order":0,"comment_status":"closed","ping_status":"closed","template":"","meta":{"footnotes":""},"class_list":["post-186","page","type-page","status-publish","hentry","entry"],"_links":{"self":[{"href":"https:\/\/www.fischweg.ch\/fr\/wp-json\/wp\/v2\/pages\/186","targetHints":{"allow":["GET"]}}],"collection":[{"href":"https:\/\/www.fischweg.ch\/fr\/wp-json\/wp\/v2\/pages"}],"about":[{"href":"https:\/\/www.fischweg.ch\/fr\/wp-json\/wp\/v2\/types\/page"}],"author":[{"embeddable":true,"href":"https:\/\/www.fischweg.ch\/fr\/wp-json\/wp\/v2\/users\/1"}],"replies":[{"embeddable":true,"href":"https:\/\/www.fischweg.ch\/fr\/wp-json\/wp\/v2\/comments?post=186"}],"version-history":[{"count":1,"href":"https:\/\/www.fischweg.ch\/fr\/wp-json\/wp\/v2\/pages\/186\/revisions"}],"predecessor-version":[{"id":188,"href":"https:\/\/www.fischweg.ch\/fr\/wp-json\/wp\/v2\/pages\/186\/revisions\/188"}],"wp:attachment":[{"href":"https:\/\/www.fischweg.ch\/fr\/wp-json\/wp\/v2\/media?parent=186"}],"curies":[{"name":"wp","href":"https:\/\/api.w.org\/{rel}","templated":true}]}}