{"id":181,"date":"2021-10-05T15:18:52","date_gmt":"2021-10-05T15:18:52","guid":{"rendered":"https:\/\/www.fischweg.ch\/?page_id=181"},"modified":"2022-05-01T20:46:15","modified_gmt":"2022-05-01T20:46:15","slug":"angebote-fuer-schulen","status":"publish","type":"page","link":"https:\/\/www.fischweg.ch\/fr\/angebote-fuer-schulen\/","title":{"rendered":"Offres pour les \u00e9coles"},"content":{"rendered":"<p>L'\u00e9quipe du \u2018Sentier des poissons\u2019 pr\u00e9voit de mettre sur son site une s\u00e9rie de feuilles de travail aux sujets sp\u00e9cifiques pour les diff\u00e9rentes tranches d\u2019\u00e2ge.<\/p>\n\n\n\n<p>> <strong><a href=\"https:\/\/www.fischweg.ch\/wp-content\/uploads\/2022\/05\/Fischweg.pdf\" target=\"_blank\" rel=\"noreferrer noopener\">Flyer<\/a><\/strong><\/p>\n\n\n\n<p>A ce jour, nous avons d\u00e9j\u00e0 re\u00e7u des feuilles de travail de plusieurs \u00e9coles que nous mettrons \u00e9galement \u00e0 disposition sur notre site dans la version originale . Nous vous en remercions.<\/p>\n\n\n\n<ul class=\"wp-block-list\"><li><a href=\"https:\/\/www.fischweg.ch\/wp-content\/uploads\/2022\/05\/AB_Angela_Rosa.doc\" target=\"_blank\" rel=\"noreferrer noopener\">Fischweg am Bielersee<\/a><\/li><li><a href=\"https:\/\/www.fischweg.ch\/wp-content\/uploads\/2022\/05\/AB_Fritz__Feinde_des_Fisches.docx\" target=\"_blank\" rel=\"noreferrer noopener\">Feinde des Fisches<\/a><\/li><li><a href=\"https:\/\/www.fischweg.ch\/wp-content\/uploads\/2022\/05\/AB_Fritz__Wie_lebt_ein_Fisch_im_Wasser.docx\" target=\"_blank\" rel=\"noreferrer noopener\">Wie lebt ein Fisch im Wasser<\/a><\/li><\/ul>\n\n\n\n<p><\/p>","protected":false},"excerpt":{"rendered":"<p>Das Fischweg-Team bem\u00fcht sich, laufend Arbeitsbl\u00e4tter f\u00fcr verschiedene Altersstufen zu den einzelnen Themen aufzuschalten. > Flyer In verdankenswerter Weise haben wir bereits von mehreren Schulen schuleigene Arbeitsbl\u00e4tter erhalten, die wir hier in Originalversion zum weiteren Bearbeiten zur Verf\u00fcgung stellen d\u00fcrfen. Fischweg am Bielersee Feinde des Fisches Wie lebt ein Fisch im Wasser<\/p>","protected":false},"author":1,"featured_media":0,"parent":0,"menu_order":0,"comment_status":"closed","ping_status":"closed","template":"","meta":{"footnotes":""},"class_list":["post-181","page","type-page","status-publish","hentry","entry"],"_links":{"self":[{"href":"https:\/\/www.fischweg.ch\/fr\/wp-json\/wp\/v2\/pages\/181","targetHints":{"allow":["GET"]}}],"collection":[{"href":"https:\/\/www.fischweg.ch\/fr\/wp-json\/wp\/v2\/pages"}],"about":[{"href":"https:\/\/www.fischweg.ch\/fr\/wp-json\/wp\/v2\/types\/page"}],"author":[{"embeddable":true,"href":"https:\/\/www.fischweg.ch\/fr\/wp-json\/wp\/v2\/users\/1"}],"replies":[{"embeddable":true,"href":"https:\/\/www.fischweg.ch\/fr\/wp-json\/wp\/v2\/comments?post=181"}],"version-history":[{"count":3,"href":"https:\/\/www.fischweg.ch\/fr\/wp-json\/wp\/v2\/pages\/181\/revisions"}],"predecessor-version":[{"id":351,"href":"https:\/\/www.fischweg.ch\/fr\/wp-json\/wp\/v2\/pages\/181\/revisions\/351"}],"wp:attachment":[{"href":"https:\/\/www.fischweg.ch\/fr\/wp-json\/wp\/v2\/media?parent=181"}],"curies":[{"name":"wp","href":"https:\/\/api.w.org\/{rel}","templated":true}]}}