{"id":179,"date":"2021-10-05T15:15:16","date_gmt":"2021-10-05T15:15:16","guid":{"rendered":"https:\/\/www.fischweg.ch\/?page_id=179"},"modified":"2023-02-12T19:30:33","modified_gmt":"2023-02-12T19:30:33","slug":"lernen","status":"publish","type":"page","link":"https:\/\/www.fischweg.ch\/fr\/lernen\/","title":{"rendered":"Apprendre"},"content":{"rendered":"<p>Aimeriez-vous savoir d\u2019avantage sur les poissons, le lac de Bienne et les offres vari\u00e9es de notre r\u00e9gion ? Alors vous trouverez \u00e0 chaque sujet des <a href=\"https:\/\/www.fischweg.ch\/fr\/die-region-entdecken\/\">informations plus approfondies<\/a> aux offres int\u00e9ressantes sur le site. Consultez les liens ci-apr\u00e8s.<\/p>\n\n\n\n<p class=\"translation-block\"><a href=\"https:\/\/www.fischweg.ch\/fr\/angebote-fuer-schulen\/\" target=\"_self\">Pour les \u00e9coles<\/a> il y a \u00e9galement ce qu\u2019il faut.<\/p>\n\n\n\n<figure class=\"wp-block-image size-full\"><img loading=\"lazy\" decoding=\"async\" width=\"790\" height=\"290\" src=\"https:\/\/www.fischweg.ch\/wp-content\/uploads\/2021\/10\/P1060506-001.png\" alt=\"\" class=\"wp-image-193\" srcset=\"https:\/\/www.fischweg.ch\/wp-content\/uploads\/2021\/10\/P1060506-001.png 790w, https:\/\/www.fischweg.ch\/wp-content\/uploads\/2021\/10\/P1060506-001-300x110.png 300w, https:\/\/www.fischweg.ch\/wp-content\/uploads\/2021\/10\/P1060506-001-768x282.png 768w\" sizes=\"auto, (max-width: 790px) 100vw, 790px\" \/><\/figure>","protected":false},"excerpt":{"rendered":"<p>Wenn Sie mehr \u00fcber uns Fische, den Bielersee und die vielf\u00e4ltigen Angebote unserer Region erfahren m\u00f6chten, finden Sie hier zu jedem Thema weiterf\u00fchrende Informationen mit Links zu interessanten Onlineangeboten. Auch Angebote f\u00fcr Schulen stehen hier bereit.<\/p>","protected":false},"author":1,"featured_media":0,"parent":0,"menu_order":0,"comment_status":"closed","ping_status":"closed","template":"","meta":{"footnotes":""},"class_list":["post-179","page","type-page","status-publish","hentry","entry"],"_links":{"self":[{"href":"https:\/\/www.fischweg.ch\/fr\/wp-json\/wp\/v2\/pages\/179","targetHints":{"allow":["GET"]}}],"collection":[{"href":"https:\/\/www.fischweg.ch\/fr\/wp-json\/wp\/v2\/pages"}],"about":[{"href":"https:\/\/www.fischweg.ch\/fr\/wp-json\/wp\/v2\/types\/page"}],"author":[{"embeddable":true,"href":"https:\/\/www.fischweg.ch\/fr\/wp-json\/wp\/v2\/users\/1"}],"replies":[{"embeddable":true,"href":"https:\/\/www.fischweg.ch\/fr\/wp-json\/wp\/v2\/comments?post=179"}],"version-history":[{"count":4,"href":"https:\/\/www.fischweg.ch\/fr\/wp-json\/wp\/v2\/pages\/179\/revisions"}],"predecessor-version":[{"id":363,"href":"https:\/\/www.fischweg.ch\/fr\/wp-json\/wp\/v2\/pages\/179\/revisions\/363"}],"wp:attachment":[{"href":"https:\/\/www.fischweg.ch\/fr\/wp-json\/wp\/v2\/media?parent=179"}],"curies":[{"name":"wp","href":"https:\/\/api.w.org\/{rel}","templated":true}]}}