{"id":167,"date":"2021-10-05T15:09:10","date_gmt":"2021-10-05T15:09:10","guid":{"rendered":"https:\/\/www.fischweg.ch\/?page_id=167"},"modified":"2021-10-05T15:09:10","modified_gmt":"2021-10-05T15:09:10","slug":"die-angelfischerei","status":"publish","type":"page","link":"https:\/\/www.fischweg.ch\/fr\/die-angelfischerei\/","title":{"rendered":"La p\u00eache \u00e0 la ligne"},"content":{"rendered":"<p>Tentez votre chance sur les bords du lac.<br>Veuillez respecter sans faute les r\u00e8gles et partez avec nous \u00e0 la d\u00e9couverte des places id\u00e9ales pour la p\u00eache aux perches.<\/p>\n\n\n\n<figure class=\"wp-block-image size-full\"><img loading=\"lazy\" decoding=\"async\" width=\"1024\" height=\"681\" src=\"https:\/\/www.fischweg.ch\/wp-content\/uploads\/2021\/10\/6499-001-fischweg-stationen-friedli.jpg\" alt=\"\" class=\"wp-image-168\" srcset=\"https:\/\/www.fischweg.ch\/wp-content\/uploads\/2021\/10\/6499-001-fischweg-stationen-friedli.jpg 1024w, https:\/\/www.fischweg.ch\/wp-content\/uploads\/2021\/10\/6499-001-fischweg-stationen-friedli-300x200.jpg 300w, https:\/\/www.fischweg.ch\/wp-content\/uploads\/2021\/10\/6499-001-fischweg-stationen-friedli-768x511.jpg 768w\" sizes=\"auto, (max-width: 1024px) 100vw, 1024px\" \/><\/figure>\n\n\n\n<figure class=\"wp-block-image size-full\"><img loading=\"lazy\" decoding=\"async\" width=\"1024\" height=\"681\" src=\"https:\/\/www.fischweg.ch\/wp-content\/uploads\/2021\/10\/6502-001-fischweg-stationen-friedli.jpg\" alt=\"\" class=\"wp-image-169\" srcset=\"https:\/\/www.fischweg.ch\/wp-content\/uploads\/2021\/10\/6502-001-fischweg-stationen-friedli.jpg 1024w, https:\/\/www.fischweg.ch\/wp-content\/uploads\/2021\/10\/6502-001-fischweg-stationen-friedli-300x200.jpg 300w, https:\/\/www.fischweg.ch\/wp-content\/uploads\/2021\/10\/6502-001-fischweg-stationen-friedli-768x511.jpg 768w\" sizes=\"auto, (max-width: 1024px) 100vw, 1024px\" \/><\/figure>","protected":false},"excerpt":{"rendered":"<p>An den Ufern des Bielersees d\u00fcrfen alle ihr Anglergl\u00fcck versuchen.Ein paar Regeln sind jedoch von allen Hobbyfischern zu beachten. Und wir verraten Ihnen auch, wo die guten Egli-Fangpl\u00e4tze zu finden sind.<\/p>","protected":false},"author":1,"featured_media":0,"parent":0,"menu_order":0,"comment_status":"closed","ping_status":"closed","template":"","meta":{"footnotes":""},"class_list":["post-167","page","type-page","status-publish","hentry","entry"],"_links":{"self":[{"href":"https:\/\/www.fischweg.ch\/fr\/wp-json\/wp\/v2\/pages\/167","targetHints":{"allow":["GET"]}}],"collection":[{"href":"https:\/\/www.fischweg.ch\/fr\/wp-json\/wp\/v2\/pages"}],"about":[{"href":"https:\/\/www.fischweg.ch\/fr\/wp-json\/wp\/v2\/types\/page"}],"author":[{"embeddable":true,"href":"https:\/\/www.fischweg.ch\/fr\/wp-json\/wp\/v2\/users\/1"}],"replies":[{"embeddable":true,"href":"https:\/\/www.fischweg.ch\/fr\/wp-json\/wp\/v2\/comments?post=167"}],"version-history":[{"count":1,"href":"https:\/\/www.fischweg.ch\/fr\/wp-json\/wp\/v2\/pages\/167\/revisions"}],"predecessor-version":[{"id":170,"href":"https:\/\/www.fischweg.ch\/fr\/wp-json\/wp\/v2\/pages\/167\/revisions\/170"}],"wp:attachment":[{"href":"https:\/\/www.fischweg.ch\/fr\/wp-json\/wp\/v2\/media?parent=167"}],"curies":[{"name":"wp","href":"https:\/\/api.w.org\/{rel}","templated":true}]}}