{"id":159,"date":"2021-10-05T15:07:25","date_gmt":"2021-10-05T15:07:25","guid":{"rendered":"https:\/\/www.fischweg.ch\/?page_id=159"},"modified":"2021-10-05T15:07:25","modified_gmt":"2021-10-05T15:07:25","slug":"die-berufsfischerei","status":"publish","type":"page","link":"https:\/\/www.fischweg.ch\/fr\/die-berufsfischerei\/","title":{"rendered":"La p\u00eache professionnelle"},"content":{"rendered":"<p>Neuf p\u00eacheurs de profession sont actifs sur le Lac de Bienne.<br>Accompagnez Martin de Bipschal dans sa longue journ\u00e9e de p\u00eacheur, un travail diversifi\u00e9 et fascinant. Bonne chance si vous le trouvez chez lui.<\/p>\n\n\n\n<figure class=\"wp-block-image size-full\"><img loading=\"lazy\" decoding=\"async\" width=\"1024\" height=\"681\" src=\"https:\/\/www.fischweg.ch\/wp-content\/uploads\/2021\/10\/6465-001-fischweg-stationen-friedli.jpg\" alt=\"\" class=\"wp-image-160\" srcset=\"https:\/\/www.fischweg.ch\/wp-content\/uploads\/2021\/10\/6465-001-fischweg-stationen-friedli.jpg 1024w, https:\/\/www.fischweg.ch\/wp-content\/uploads\/2021\/10\/6465-001-fischweg-stationen-friedli-300x200.jpg 300w, https:\/\/www.fischweg.ch\/wp-content\/uploads\/2021\/10\/6465-001-fischweg-stationen-friedli-768x511.jpg 768w\" sizes=\"auto, (max-width: 1024px) 100vw, 1024px\" \/><\/figure>\n\n\n\n<figure class=\"wp-block-image size-full\"><img loading=\"lazy\" decoding=\"async\" width=\"1024\" height=\"681\" src=\"https:\/\/www.fischweg.ch\/wp-content\/uploads\/2021\/10\/6461-001-fischweg-stationen-friedli.jpg\" alt=\"\" class=\"wp-image-161\" srcset=\"https:\/\/www.fischweg.ch\/wp-content\/uploads\/2021\/10\/6461-001-fischweg-stationen-friedli.jpg 1024w, https:\/\/www.fischweg.ch\/wp-content\/uploads\/2021\/10\/6461-001-fischweg-stationen-friedli-300x200.jpg 300w, https:\/\/www.fischweg.ch\/wp-content\/uploads\/2021\/10\/6461-001-fischweg-stationen-friedli-768x511.jpg 768w\" sizes=\"auto, (max-width: 1024px) 100vw, 1024px\" \/><\/figure>","protected":false},"excerpt":{"rendered":"<p>Auf dem Bielersee gibt es neun Berufsfischer mit Patent.Hier bei der Fischerei Martin in Bipschal erhalten Sie einen Einblick in den langen und vielseitigen Arbeitstag des Fischers. Vielleicht ist der Fischer Martin sogar zu Hause wenn Sie vorbeikommen?<\/p>","protected":false},"author":1,"featured_media":0,"parent":0,"menu_order":0,"comment_status":"closed","ping_status":"closed","template":"","meta":{"footnotes":""},"class_list":["post-159","page","type-page","status-publish","hentry","entry"],"_links":{"self":[{"href":"https:\/\/www.fischweg.ch\/fr\/wp-json\/wp\/v2\/pages\/159","targetHints":{"allow":["GET"]}}],"collection":[{"href":"https:\/\/www.fischweg.ch\/fr\/wp-json\/wp\/v2\/pages"}],"about":[{"href":"https:\/\/www.fischweg.ch\/fr\/wp-json\/wp\/v2\/types\/page"}],"author":[{"embeddable":true,"href":"https:\/\/www.fischweg.ch\/fr\/wp-json\/wp\/v2\/users\/1"}],"replies":[{"embeddable":true,"href":"https:\/\/www.fischweg.ch\/fr\/wp-json\/wp\/v2\/comments?post=159"}],"version-history":[{"count":1,"href":"https:\/\/www.fischweg.ch\/fr\/wp-json\/wp\/v2\/pages\/159\/revisions"}],"predecessor-version":[{"id":162,"href":"https:\/\/www.fischweg.ch\/fr\/wp-json\/wp\/v2\/pages\/159\/revisions\/162"}],"wp:attachment":[{"href":"https:\/\/www.fischweg.ch\/fr\/wp-json\/wp\/v2\/media?parent=159"}],"curies":[{"name":"wp","href":"https:\/\/api.w.org\/{rel}","templated":true}]}}