{"id":151,"date":"2021-10-05T15:05:12","date_gmt":"2021-10-05T15:05:12","guid":{"rendered":"https:\/\/www.fischweg.ch\/?page_id=151"},"modified":"2021-10-05T15:05:12","modified_gmt":"2021-10-05T15:05:12","slug":"die-fischgeburt","status":"publish","type":"page","link":"https:\/\/www.fischweg.ch\/fr\/die-fischgeburt\/","title":{"rendered":"La naissance des poissons"},"content":{"rendered":"<p>La station pr\u00e8s de la pisciculture cantonale vous parle de la naissance des poissons.<\/p>\n\n\n\n<p>La plupart des poissons sortent des \u0153ufs pondus et f\u00e9cond\u00e9s. Sur les photos en couleurs, vous d\u00e9couvrez l\u2019\u00e9volution de l\u2019\u0153uf jusqu\u2019au jeune poisson. Quelques esp\u00e8ces sont \u00e9lev\u00e9es dans la pisciculture et en printemps les bassins d\u2019\u00e9levages sont remplis de petits f\u00e9ras, ombres et truites.<\/p>\n\n\n\n<figure class=\"wp-block-image size-full\"><img loading=\"lazy\" decoding=\"async\" width=\"1024\" height=\"681\" src=\"https:\/\/www.fischweg.ch\/wp-content\/uploads\/2021\/10\/6383-001-fischweg-stationen-friedli.jpg\" alt=\"\" class=\"wp-image-152\" srcset=\"https:\/\/www.fischweg.ch\/wp-content\/uploads\/2021\/10\/6383-001-fischweg-stationen-friedli.jpg 1024w, https:\/\/www.fischweg.ch\/wp-content\/uploads\/2021\/10\/6383-001-fischweg-stationen-friedli-300x200.jpg 300w, https:\/\/www.fischweg.ch\/wp-content\/uploads\/2021\/10\/6383-001-fischweg-stationen-friedli-768x511.jpg 768w\" sizes=\"auto, (max-width: 1024px) 100vw, 1024px\" \/><\/figure>\n\n\n\n<figure class=\"wp-block-image size-full\"><img loading=\"lazy\" decoding=\"async\" width=\"1024\" height=\"681\" src=\"https:\/\/www.fischweg.ch\/wp-content\/uploads\/2021\/10\/6380-001-fischweg-stationen-friedli.jpg\" alt=\"\" class=\"wp-image-153\" srcset=\"https:\/\/www.fischweg.ch\/wp-content\/uploads\/2021\/10\/6380-001-fischweg-stationen-friedli.jpg 1024w, https:\/\/www.fischweg.ch\/wp-content\/uploads\/2021\/10\/6380-001-fischweg-stationen-friedli-300x200.jpg 300w, https:\/\/www.fischweg.ch\/wp-content\/uploads\/2021\/10\/6380-001-fischweg-stationen-friedli-768x511.jpg 768w\" sizes=\"auto, (max-width: 1024px) 100vw, 1024px\" \/><\/figure>","protected":false},"excerpt":{"rendered":"<p>Die Station bei der kantonalen Fischzucht ist der Fischgeburt gewidmet. Die meisten Fische schl\u00fcpfen aus vorher abgelegten und befruchteten Eiern. Auf den Farbfotos sehen Sie den Werdegang vom Ei bis zum Jungfisch. Einige Fischarten werden in der Fischzucht aufgezogen. Im Fr\u00fchjahr sind deshalb die Zuchtbecken mit kleinen Felchen, \u00c4schen und Forellen-Babys gef\u00fcllt.<\/p>","protected":false},"author":1,"featured_media":0,"parent":0,"menu_order":0,"comment_status":"closed","ping_status":"closed","template":"","meta":{"footnotes":""},"class_list":["post-151","page","type-page","status-publish","hentry","entry"],"_links":{"self":[{"href":"https:\/\/www.fischweg.ch\/fr\/wp-json\/wp\/v2\/pages\/151","targetHints":{"allow":["GET"]}}],"collection":[{"href":"https:\/\/www.fischweg.ch\/fr\/wp-json\/wp\/v2\/pages"}],"about":[{"href":"https:\/\/www.fischweg.ch\/fr\/wp-json\/wp\/v2\/types\/page"}],"author":[{"embeddable":true,"href":"https:\/\/www.fischweg.ch\/fr\/wp-json\/wp\/v2\/users\/1"}],"replies":[{"embeddable":true,"href":"https:\/\/www.fischweg.ch\/fr\/wp-json\/wp\/v2\/comments?post=151"}],"version-history":[{"count":1,"href":"https:\/\/www.fischweg.ch\/fr\/wp-json\/wp\/v2\/pages\/151\/revisions"}],"predecessor-version":[{"id":154,"href":"https:\/\/www.fischweg.ch\/fr\/wp-json\/wp\/v2\/pages\/151\/revisions\/154"}],"wp:attachment":[{"href":"https:\/\/www.fischweg.ch\/fr\/wp-json\/wp\/v2\/media?parent=151"}],"curies":[{"name":"wp","href":"https:\/\/api.w.org\/{rel}","templated":true}]}}