{"id":147,"date":"2021-10-05T15:03:52","date_gmt":"2021-10-05T15:03:52","guid":{"rendered":"https:\/\/www.fischweg.ch\/?page_id=147"},"modified":"2021-10-05T15:03:52","modified_gmt":"2021-10-05T15:03:52","slug":"der-bielersee","status":"publish","type":"page","link":"https:\/\/www.fischweg.ch\/fr\/der-bielersee\/","title":{"rendered":"Le Lac de Bienne"},"content":{"rendered":"<p>L\u2019historique du lac prend son d\u00e9but au temps des glaciers il y a 20\u2018000 ans lorsque le glacier du Rh\u00f4ne formait les lacs entre Yverdon et Soleure. Suite aux corrections d\u2019eaux de droit pendant le 19e et 20e si\u00e8cle beaucoup de r\u00e9gions pouvaient enfin \u00eatre habit\u00e9es durablement.<\/p>\n\n\n\n<p>Aujourd\u2019hui, l\u2019Aar coule par le canal de Hagneck dans le lac et le quitte par le canal de Nidau-B\u00fcren. Sur un mod\u00e8le, vous pouvez reproduire, \u00e0 l\u2019aide d\u2019une petite pompe \u00e0 eau et une \u00e9cluse, les deux niveaux d\u2019eau qui existaient avant et apr\u00e8s les corrections d\u2019eaux.<\/p>\n\n\n\n<figure class=\"wp-block-image size-full\"><img loading=\"lazy\" decoding=\"async\" width=\"1024\" height=\"681\" src=\"https:\/\/www.fischweg.ch\/wp-content\/uploads\/2021\/10\/6404-001-fischweg-stationen-friedli.jpg\" alt=\"\" class=\"wp-image-148\" srcset=\"https:\/\/www.fischweg.ch\/wp-content\/uploads\/2021\/10\/6404-001-fischweg-stationen-friedli.jpg 1024w, https:\/\/www.fischweg.ch\/wp-content\/uploads\/2021\/10\/6404-001-fischweg-stationen-friedli-300x200.jpg 300w, https:\/\/www.fischweg.ch\/wp-content\/uploads\/2021\/10\/6404-001-fischweg-stationen-friedli-768x511.jpg 768w\" sizes=\"auto, (max-width: 1024px) 100vw, 1024px\" \/><\/figure>\n\n\n\n<figure class=\"wp-block-image size-full\"><img loading=\"lazy\" decoding=\"async\" width=\"1024\" height=\"681\" src=\"https:\/\/www.fischweg.ch\/wp-content\/uploads\/2021\/10\/6397-001-fischweg-stationen-friedli.jpg\" alt=\"\" class=\"wp-image-149\" srcset=\"https:\/\/www.fischweg.ch\/wp-content\/uploads\/2021\/10\/6397-001-fischweg-stationen-friedli.jpg 1024w, https:\/\/www.fischweg.ch\/wp-content\/uploads\/2021\/10\/6397-001-fischweg-stationen-friedli-300x200.jpg 300w, https:\/\/www.fischweg.ch\/wp-content\/uploads\/2021\/10\/6397-001-fischweg-stationen-friedli-768x511.jpg 768w\" sizes=\"auto, (max-width: 1024px) 100vw, 1024px\" \/><\/figure>","protected":false},"excerpt":{"rendered":"<p>Die Geschichte des Bielersees beginnt in der Eiszeit vor 20&#8217;000 Jahren, als der Rhonegletscher die Seen zwischen Yverdon und Solothurn formte. Aber erst durch die Juragew\u00e4sserkorrektionen im 19. und 20. Jh. konnten viele Gebiete der Region dauerhaft bewohnt und gesichert werden. Heute fliesst das Aarewasser durch den Hagneckkanal in den Bielersee hinein und durch den&hellip; <a class=\"more-link\" href=\"https:\/\/www.fischweg.ch\/fr\/der-bielersee\/\">Poursuivre la lecture <span class=\"screen-reader-text\">Le Lac de Bienne<\/span><\/a><\/p>","protected":false},"author":1,"featured_media":0,"parent":0,"menu_order":0,"comment_status":"closed","ping_status":"closed","template":"","meta":{"footnotes":""},"class_list":["post-147","page","type-page","status-publish","hentry","entry"],"_links":{"self":[{"href":"https:\/\/www.fischweg.ch\/fr\/wp-json\/wp\/v2\/pages\/147","targetHints":{"allow":["GET"]}}],"collection":[{"href":"https:\/\/www.fischweg.ch\/fr\/wp-json\/wp\/v2\/pages"}],"about":[{"href":"https:\/\/www.fischweg.ch\/fr\/wp-json\/wp\/v2\/types\/page"}],"author":[{"embeddable":true,"href":"https:\/\/www.fischweg.ch\/fr\/wp-json\/wp\/v2\/users\/1"}],"replies":[{"embeddable":true,"href":"https:\/\/www.fischweg.ch\/fr\/wp-json\/wp\/v2\/comments?post=147"}],"version-history":[{"count":1,"href":"https:\/\/www.fischweg.ch\/fr\/wp-json\/wp\/v2\/pages\/147\/revisions"}],"predecessor-version":[{"id":150,"href":"https:\/\/www.fischweg.ch\/fr\/wp-json\/wp\/v2\/pages\/147\/revisions\/150"}],"wp:attachment":[{"href":"https:\/\/www.fischweg.ch\/fr\/wp-json\/wp\/v2\/media?parent=147"}],"curies":[{"name":"wp","href":"https:\/\/api.w.org\/{rel}","templated":true}]}}