{"id":143,"date":"2021-10-05T15:02:24","date_gmt":"2021-10-05T15:02:24","guid":{"rendered":"https:\/\/www.fischweg.ch\/?page_id=143"},"modified":"2021-10-05T15:02:24","modified_gmt":"2021-10-05T15:02:24","slug":"die-koerperform-der-fische","status":"publish","type":"page","link":"https:\/\/www.fischweg.ch\/fr\/die-koerperform-der-fische\/","title":{"rendered":"La morphologie des poissons"},"content":{"rendered":"<p>Les morphologies se ressemblent toutes et pourtant les diff\u00e9rentes esp\u00e8ces de poissons se distinguent par la couleur et forme, par leur taille, longueur, largeur et \u00e9paisseur<\/p>\n\n\n\n<p>Le champ de vision des poissons est tout \u00e0 fait exceptionnel. Grimpez donc dans le ventre de PEDRO et regardez par ses yeux et ressentez la sensation de sa vue.<\/p>\n\n\n\n<figure class=\"wp-block-image size-full\"><img loading=\"lazy\" decoding=\"async\" width=\"1024\" height=\"681\" src=\"https:\/\/www.fischweg.ch\/wp-content\/uploads\/2021\/10\/6341-001-fischweg-stationen-friedli.jpg\" alt=\"\" class=\"wp-image-144\" srcset=\"https:\/\/www.fischweg.ch\/wp-content\/uploads\/2021\/10\/6341-001-fischweg-stationen-friedli.jpg 1024w, https:\/\/www.fischweg.ch\/wp-content\/uploads\/2021\/10\/6341-001-fischweg-stationen-friedli-300x200.jpg 300w, https:\/\/www.fischweg.ch\/wp-content\/uploads\/2021\/10\/6341-001-fischweg-stationen-friedli-768x511.jpg 768w\" sizes=\"auto, (max-width: 1024px) 100vw, 1024px\" \/><\/figure>\n\n\n\n<figure class=\"wp-block-image size-full\"><img loading=\"lazy\" decoding=\"async\" width=\"1024\" height=\"681\" src=\"https:\/\/www.fischweg.ch\/wp-content\/uploads\/2021\/10\/6351-001-fischweg-stationen-friedli.jpg\" alt=\"\" class=\"wp-image-145\" srcset=\"https:\/\/www.fischweg.ch\/wp-content\/uploads\/2021\/10\/6351-001-fischweg-stationen-friedli.jpg 1024w, https:\/\/www.fischweg.ch\/wp-content\/uploads\/2021\/10\/6351-001-fischweg-stationen-friedli-300x200.jpg 300w, https:\/\/www.fischweg.ch\/wp-content\/uploads\/2021\/10\/6351-001-fischweg-stationen-friedli-768x511.jpg 768w\" sizes=\"auto, (max-width: 1024px) 100vw, 1024px\" \/><\/figure>","protected":false},"excerpt":{"rendered":"<p>Die K\u00f6rperformen der Fische sind sich alle \u00e4hnlich und doch unterscheiden sich die verschiedenen Fischarten in Farbe und Form, in der Gr\u00f6sse, der L\u00e4nge, Breite und Dicke. Speziell ist das grosse Sichtfeld der Fische. Sie k\u00f6nnen in den Bauch von Pedro klettern und durch seine Augen wie ein Fisch hinausschauen.<\/p>","protected":false},"author":1,"featured_media":0,"parent":0,"menu_order":0,"comment_status":"closed","ping_status":"closed","template":"","meta":{"footnotes":""},"class_list":["post-143","page","type-page","status-publish","hentry","entry"],"_links":{"self":[{"href":"https:\/\/www.fischweg.ch\/fr\/wp-json\/wp\/v2\/pages\/143","targetHints":{"allow":["GET"]}}],"collection":[{"href":"https:\/\/www.fischweg.ch\/fr\/wp-json\/wp\/v2\/pages"}],"about":[{"href":"https:\/\/www.fischweg.ch\/fr\/wp-json\/wp\/v2\/types\/page"}],"author":[{"embeddable":true,"href":"https:\/\/www.fischweg.ch\/fr\/wp-json\/wp\/v2\/users\/1"}],"replies":[{"embeddable":true,"href":"https:\/\/www.fischweg.ch\/fr\/wp-json\/wp\/v2\/comments?post=143"}],"version-history":[{"count":1,"href":"https:\/\/www.fischweg.ch\/fr\/wp-json\/wp\/v2\/pages\/143\/revisions"}],"predecessor-version":[{"id":146,"href":"https:\/\/www.fischweg.ch\/fr\/wp-json\/wp\/v2\/pages\/143\/revisions\/146"}],"wp:attachment":[{"href":"https:\/\/www.fischweg.ch\/fr\/wp-json\/wp\/v2\/media?parent=143"}],"curies":[{"name":"wp","href":"https:\/\/api.w.org\/{rel}","templated":true}]}}