{"id":134,"date":"2021-10-05T14:59:33","date_gmt":"2021-10-05T14:59:33","guid":{"rendered":"https:\/\/www.fischweg.ch\/?page_id=134"},"modified":"2021-10-05T14:59:33","modified_gmt":"2021-10-05T14:59:33","slug":"der-fisch-auf-dem-tisch","status":"publish","type":"page","link":"https:\/\/www.fischweg.ch\/fr\/der-fisch-auf-dem-tisch\/","title":{"rendered":"Le poisson dans l\u2018assiette"},"content":{"rendered":"<p>Les poissons contiennent beaucoup d\u2019\u00e9l\u00e9ments importants pour une alimentation \u00e9quilibr\u00e9e. Conclusion : Profitez de vous en r\u00e9galer.<\/p>\n\n\n\n<p>Pour nos enfants, une chanson par Christian Schenker dans sa version originale (allemande) et en version fran\u00e7aise peut \u00eatre \u00e9cout\u00e9e.<\/p>\n\n\n\n<p><a href=\"https:\/\/www.youtube.com\/watch?v=8gTED_9kI1I\">Poisson dans ton assiette<\/a> (chanson d\u2019enfant de Christian Schenker).<\/p>\n\n\n\n<figure class=\"wp-block-image size-full\"><img loading=\"lazy\" decoding=\"async\" width=\"1024\" height=\"681\" src=\"https:\/\/www.fischweg.ch\/wp-content\/uploads\/2021\/10\/6302-001-fischweg-stationen-friedli.jpg\" alt=\"\" class=\"wp-image-135\" srcset=\"https:\/\/www.fischweg.ch\/wp-content\/uploads\/2021\/10\/6302-001-fischweg-stationen-friedli.jpg 1024w, https:\/\/www.fischweg.ch\/wp-content\/uploads\/2021\/10\/6302-001-fischweg-stationen-friedli-300x200.jpg 300w, https:\/\/www.fischweg.ch\/wp-content\/uploads\/2021\/10\/6302-001-fischweg-stationen-friedli-768x511.jpg 768w\" sizes=\"auto, (max-width: 1024px) 100vw, 1024px\" \/><\/figure>\n\n\n\n<figure class=\"wp-block-image size-full\"><img loading=\"lazy\" decoding=\"async\" width=\"1024\" height=\"681\" src=\"https:\/\/www.fischweg.ch\/wp-content\/uploads\/2021\/10\/6304-001-fischweg-stationen-friedli.jpg\" alt=\"\" class=\"wp-image-136\" srcset=\"https:\/\/www.fischweg.ch\/wp-content\/uploads\/2021\/10\/6304-001-fischweg-stationen-friedli.jpg 1024w, https:\/\/www.fischweg.ch\/wp-content\/uploads\/2021\/10\/6304-001-fischweg-stationen-friedli-300x200.jpg 300w, https:\/\/www.fischweg.ch\/wp-content\/uploads\/2021\/10\/6304-001-fischweg-stationen-friedli-768x511.jpg 768w\" sizes=\"auto, (max-width: 1024px) 100vw, 1024px\" \/><\/figure>\n\n\n\n<p><\/p>","protected":false},"excerpt":{"rendered":"<p>Im Fisch stecken viele wichtige Elemente f\u00fcr eine ausgewogene Ern\u00e4hrung, deshalb ist Fisch auf dem Tisch gesund und macht fit. F\u00fcr die Kleinen kann ein Kinderlied von Christian Schenker in seiner deutschen Originalversion und in der franz\u00f6sischen \u00dcbersetzung abgespielt werden: Fisch uf dem Tisch (Chinderlied von Christian Schenker)<\/p>","protected":false},"author":1,"featured_media":0,"parent":0,"menu_order":0,"comment_status":"closed","ping_status":"closed","template":"","meta":{"footnotes":""},"class_list":["post-134","page","type-page","status-publish","hentry","entry"],"_links":{"self":[{"href":"https:\/\/www.fischweg.ch\/fr\/wp-json\/wp\/v2\/pages\/134","targetHints":{"allow":["GET"]}}],"collection":[{"href":"https:\/\/www.fischweg.ch\/fr\/wp-json\/wp\/v2\/pages"}],"about":[{"href":"https:\/\/www.fischweg.ch\/fr\/wp-json\/wp\/v2\/types\/page"}],"author":[{"embeddable":true,"href":"https:\/\/www.fischweg.ch\/fr\/wp-json\/wp\/v2\/users\/1"}],"replies":[{"embeddable":true,"href":"https:\/\/www.fischweg.ch\/fr\/wp-json\/wp\/v2\/comments?post=134"}],"version-history":[{"count":1,"href":"https:\/\/www.fischweg.ch\/fr\/wp-json\/wp\/v2\/pages\/134\/revisions"}],"predecessor-version":[{"id":137,"href":"https:\/\/www.fischweg.ch\/fr\/wp-json\/wp\/v2\/pages\/134\/revisions\/137"}],"wp:attachment":[{"href":"https:\/\/www.fischweg.ch\/fr\/wp-json\/wp\/v2\/media?parent=134"}],"curies":[{"name":"wp","href":"https:\/\/api.w.org\/{rel}","templated":true}]}}