{"id":128,"date":"2021-10-05T14:55:43","date_gmt":"2021-10-05T14:55:43","guid":{"rendered":"https:\/\/www.fischweg.ch\/?page_id=128"},"modified":"2021-10-05T14:55:43","modified_gmt":"2021-10-05T14:55:43","slug":"die-stationen","status":"publish","type":"page","link":"https:\/\/www.fischweg.ch\/fr\/die-stationen\/","title":{"rendered":"Les \u00e9tapes"},"content":{"rendered":"<p>Le sentier avec ses neuf panneaux fait de vous un expert des poissons, de l\u2019eau et de l\u2019environnement du Lac de Bienne.<\/p>\n\n\n\n<p>Jouissez pleinement de votre promenade au long de la rive et au pied des vignobles. Laissez-vous charmer par ce paysage idyllique et d\u00e9couvrez pleins de d\u00e9tails captivants et int\u00e9ressants sur les panneaux d\u2019informations.<\/p>\n\n\n\n<p class=\"translation-block\">Les textes sur les panneaux sont bien compr\u00e9hensibles pour les \u00e9l\u00e8ves. Pour nos petits visiteurs nous avons cach\u00e9 sur chaque panneau PEDRO, le poisson.<\/p>\n\n\n\n<p>Toutes les informations sont r\u00e9dig\u00e9es en deux langues (allemand et fran\u00e7ais) et richement illustr\u00e9es. Ainsi, l\u2019invisible est rendu visible.<\/p>\n\n\n\n<figure class=\"wp-block-image size-full\"><img loading=\"lazy\" decoding=\"async\" width=\"1024\" height=\"681\" src=\"https:\/\/www.fischweg.ch\/wp-content\/uploads\/2021\/10\/6294-001-fischweg-stationen-friedli.jpg\" alt=\"\" class=\"wp-image-129\" srcset=\"https:\/\/www.fischweg.ch\/wp-content\/uploads\/2021\/10\/6294-001-fischweg-stationen-friedli.jpg 1024w, https:\/\/www.fischweg.ch\/wp-content\/uploads\/2021\/10\/6294-001-fischweg-stationen-friedli-300x200.jpg 300w, https:\/\/www.fischweg.ch\/wp-content\/uploads\/2021\/10\/6294-001-fischweg-stationen-friedli-768x511.jpg 768w\" sizes=\"auto, (max-width: 1024px) 100vw, 1024px\" \/><\/figure>","protected":false},"excerpt":{"rendered":"<p>Auf dem Fischweg von Twann nach Ligerz oder von Ligerz nach Twann werden Sie neun Stationen antreffen, bei denen Sie sich \u00fcber Fische, Wasser und den Lebensraum Bielersee kundig machen k\u00f6nnen. Geniessen Sie den bequemen Spaziergang entlang des Seeufers und am Fuss der Rebberge. Lassen Sie sich von der Bielerseelandschaft bezaubern, entdecken Sie viele spannende&hellip; <a class=\"more-link\" href=\"https:\/\/www.fischweg.ch\/fr\/die-stationen\/\">Poursuivre la lecture <span class=\"screen-reader-text\">Les \u00e9tapes<\/span><\/a><\/p>","protected":false},"author":1,"featured_media":0,"parent":0,"menu_order":0,"comment_status":"closed","ping_status":"closed","template":"","meta":{"footnotes":""},"class_list":["post-128","page","type-page","status-publish","hentry","entry"],"_links":{"self":[{"href":"https:\/\/www.fischweg.ch\/fr\/wp-json\/wp\/v2\/pages\/128","targetHints":{"allow":["GET"]}}],"collection":[{"href":"https:\/\/www.fischweg.ch\/fr\/wp-json\/wp\/v2\/pages"}],"about":[{"href":"https:\/\/www.fischweg.ch\/fr\/wp-json\/wp\/v2\/types\/page"}],"author":[{"embeddable":true,"href":"https:\/\/www.fischweg.ch\/fr\/wp-json\/wp\/v2\/users\/1"}],"replies":[{"embeddable":true,"href":"https:\/\/www.fischweg.ch\/fr\/wp-json\/wp\/v2\/comments?post=128"}],"version-history":[{"count":1,"href":"https:\/\/www.fischweg.ch\/fr\/wp-json\/wp\/v2\/pages\/128\/revisions"}],"predecessor-version":[{"id":130,"href":"https:\/\/www.fischweg.ch\/fr\/wp-json\/wp\/v2\/pages\/128\/revisions\/130"}],"wp:attachment":[{"href":"https:\/\/www.fischweg.ch\/fr\/wp-json\/wp\/v2\/media?parent=128"}],"curies":[{"name":"wp","href":"https:\/\/api.w.org\/{rel}","templated":true}]}}