{"id":124,"date":"2021-10-05T14:53:50","date_gmt":"2021-10-05T14:53:50","guid":{"rendered":"https:\/\/www.fischweg.ch\/?page_id=124"},"modified":"2021-10-05T14:53:50","modified_gmt":"2021-10-05T14:53:50","slug":"entdecken","status":"publish","type":"page","link":"https:\/\/www.fischweg.ch\/fr\/entdecken\/","title":{"rendered":"D\u00e9couverte"},"content":{"rendered":"<p>Sur les panneaux il y a beaucoup \u00e0 d\u00e9couvrir:<\/p>\n\n\n\n<ul class=\"wp-block-list\"><li class=\"translation-block\">Allez \u00e0 la recherche de <strong>Pedro<\/strong>. Vous le trouverez sur chaque panneau.<\/li><li>Trouvez les images sur l\u2019\u00e9volution du poisson - de la croissance du frai au poisson juv\u00e9nile.<\/li><li>D\u00e9couvrez la morphologie des poissons.<\/li><li>Regardez \u00e0 travers l\u2019\u0153il de poisson.<\/li><\/ul>","protected":false},"excerpt":{"rendered":"<p>Es gibt auf den Tafeln viel zu entdecken: Suchen Sie Pedro. Er ist auf jeder Tafel zu finden Finden Sie die Bilder vom Fischei zum Jungfisch Entdecken Sie die verschiedenen Fischformen Gucken Sie durch ein Fischauge<\/p>","protected":false},"author":1,"featured_media":0,"parent":0,"menu_order":0,"comment_status":"closed","ping_status":"closed","template":"","meta":{"footnotes":""},"class_list":["post-124","page","type-page","status-publish","hentry","entry"],"_links":{"self":[{"href":"https:\/\/www.fischweg.ch\/fr\/wp-json\/wp\/v2\/pages\/124","targetHints":{"allow":["GET"]}}],"collection":[{"href":"https:\/\/www.fischweg.ch\/fr\/wp-json\/wp\/v2\/pages"}],"about":[{"href":"https:\/\/www.fischweg.ch\/fr\/wp-json\/wp\/v2\/types\/page"}],"author":[{"embeddable":true,"href":"https:\/\/www.fischweg.ch\/fr\/wp-json\/wp\/v2\/users\/1"}],"replies":[{"embeddable":true,"href":"https:\/\/www.fischweg.ch\/fr\/wp-json\/wp\/v2\/comments?post=124"}],"version-history":[{"count":1,"href":"https:\/\/www.fischweg.ch\/fr\/wp-json\/wp\/v2\/pages\/124\/revisions"}],"predecessor-version":[{"id":125,"href":"https:\/\/www.fischweg.ch\/fr\/wp-json\/wp\/v2\/pages\/124\/revisions\/125"}],"wp:attachment":[{"href":"https:\/\/www.fischweg.ch\/fr\/wp-json\/wp\/v2\/media?parent=124"}],"curies":[{"name":"wp","href":"https:\/\/api.w.org\/{rel}","templated":true}]}}