{"id":122,"date":"2021-10-05T14:52:54","date_gmt":"2021-10-05T14:52:54","guid":{"rendered":"https:\/\/www.fischweg.ch\/?page_id=122"},"modified":"2021-10-05T14:54:45","modified_gmt":"2021-10-05T14:54:45","slug":"erleben","status":"publish","type":"page","link":"https:\/\/www.fischweg.ch\/fr\/erleben\/","title":{"rendered":"Vivre l\u2019aventure"},"content":{"rendered":"<p>L\u2019\u0153il humain est capable de voir d\u2019avantage. Ce sentier vous fait d\u00e9couvrir la vie sous la surface de l\u2019eau et le fonctionnement de l\u2019\u0153il de poisson.<\/p>\n\n\n\n<p>M\u2019as-tu d\u00e9j\u00e0 trouv\u00e9 ?<br>Et oui, sur chaque panneau dans le coin en-haut  j\u2019y suis tout grand et puis dans la plinthe d\u2019images en bas j\u2019y suis encore bien cach\u00e9. Cherche-moi.<\/p>\n\n\n\n<figure class=\"wp-block-image size-full\"><img loading=\"lazy\" decoding=\"async\" width=\"600\" height=\"390\" src=\"https:\/\/www.fischweg.ch\/wp-content\/uploads\/2021\/10\/pedro-m-s.png\" alt=\"\" class=\"wp-image-61\" srcset=\"https:\/\/www.fischweg.ch\/wp-content\/uploads\/2021\/10\/pedro-m-s.png 600w, https:\/\/www.fischweg.ch\/wp-content\/uploads\/2021\/10\/pedro-m-s-300x195.png 300w\" sizes=\"auto, (max-width: 600px) 100vw, 600px\" \/><\/figure>\n\n\n\n<figure class=\"wp-block-image size-full\"><img loading=\"lazy\" decoding=\"async\" width=\"790\" height=\"290\" src=\"https:\/\/www.fischweg.ch\/wp-content\/uploads\/2021\/10\/AAA_entdecken-001.png\" alt=\"\" class=\"wp-image-126\" srcset=\"https:\/\/www.fischweg.ch\/wp-content\/uploads\/2021\/10\/AAA_entdecken-001.png 790w, https:\/\/www.fischweg.ch\/wp-content\/uploads\/2021\/10\/AAA_entdecken-001-300x110.png 300w, https:\/\/www.fischweg.ch\/wp-content\/uploads\/2021\/10\/AAA_entdecken-001-768x282.png 768w\" sizes=\"auto, (max-width: 790px) 100vw, 790px\" \/><\/figure>","protected":false},"excerpt":{"rendered":"<p>Auch f\u00fcr Menschenaugen gibt es hier viel zu sehen. Der Fischweg zeigt sogar, was sich unter der Wasseroberfl\u00e4che abspielt und wie wir Fische es sehen. Hast du mich schon gefunden?Nat\u00fcrlich, auf jeder Tafel ganz oben bin ich gross zu sehen. Aber unten in der Bilderleiste habe ich mich auch noch gut versteckt, damit du mich&hellip; <a class=\"more-link\" href=\"https:\/\/www.fischweg.ch\/fr\/erleben\/\">Poursuivre la lecture <span class=\"screen-reader-text\">Vivre l\u2019aventure<\/span><\/a><\/p>","protected":false},"author":1,"featured_media":0,"parent":0,"menu_order":0,"comment_status":"closed","ping_status":"closed","template":"","meta":{"footnotes":""},"class_list":["post-122","page","type-page","status-publish","hentry","entry"],"_links":{"self":[{"href":"https:\/\/www.fischweg.ch\/fr\/wp-json\/wp\/v2\/pages\/122","targetHints":{"allow":["GET"]}}],"collection":[{"href":"https:\/\/www.fischweg.ch\/fr\/wp-json\/wp\/v2\/pages"}],"about":[{"href":"https:\/\/www.fischweg.ch\/fr\/wp-json\/wp\/v2\/types\/page"}],"author":[{"embeddable":true,"href":"https:\/\/www.fischweg.ch\/fr\/wp-json\/wp\/v2\/users\/1"}],"replies":[{"embeddable":true,"href":"https:\/\/www.fischweg.ch\/fr\/wp-json\/wp\/v2\/comments?post=122"}],"version-history":[{"count":2,"href":"https:\/\/www.fischweg.ch\/fr\/wp-json\/wp\/v2\/pages\/122\/revisions"}],"predecessor-version":[{"id":127,"href":"https:\/\/www.fischweg.ch\/fr\/wp-json\/wp\/v2\/pages\/122\/revisions\/127"}],"wp:attachment":[{"href":"https:\/\/www.fischweg.ch\/fr\/wp-json\/wp\/v2\/media?parent=122"}],"curies":[{"name":"wp","href":"https:\/\/api.w.org\/{rel}","templated":true}]}}