{"id":118,"date":"2021-10-05T14:33:33","date_gmt":"2021-10-05T14:33:33","guid":{"rendered":"https:\/\/www.fischweg.ch\/?page_id=118"},"modified":"2022-05-01T19:54:12","modified_gmt":"2022-05-01T19:54:12","slug":"fuehrungen","status":"publish","type":"page","link":"https:\/\/www.fischweg.ch\/fr\/fuehrungen\/","title":{"rendered":"Visites guid\u00e9es"},"content":{"rendered":"<p>En compagnie d\u2019un guide comp\u00e9tent, votre visite devient une exp\u00e9rience tout \u00e0 fait sp\u00e9ciale. Choisissez sur les 9 panneaux des sujets pr\u00e9s\u00e9lectionn\u00e9s de notre offre lors de votre inscription.<br>Pour les participants d\u2019une visite guid\u00e9e il y a des compl\u00e9ments int\u00e9ressants.<\/p>\n\n\n\n<p>Prenez contact avec nous pour des informations suppl\u00e9mentaires.  &gt; <a href=\"mailto:info@fischweg.ch\">Kontakt<\/a><\/p>\n\n\n\n<p>Toute une palette de possibilit\u00e9s d\u2019enrichir chaque excursion se pr\u00e9sente aussi au visiteur individuel:&nbsp;<\/p>\n\n\n\n<ul class=\"wp-block-list\"><li><a href=\"https:\/\/www.fischweg.ch\/wp-content\/uploads\/2021\/10\/Fuehrungen.pdf\" target=\"_blank\" rel=\"noreferrer noopener\">Visite guide\u0301e du Sentier des poissons du lac de Bienne<\/a><\/li><li><a href=\"https:\/\/www.fischweg.ch\/wp-content\/uploads\/2021\/10\/Fuehrungen.pdf\" target=\"_blank\" rel=\"noreferrer noopener\">Visite guide\u0301e du Sentier des poissons du lac de Bienne avec visite d'un p\u00eacheur professionnel dans sa p\u00eacherie<\/a><\/li><li><a href=\"https:\/\/www.fischweg.ch\/wp-content\/uploads\/2021\/10\/Fuehrungen.pdf\" target=\"_blank\" rel=\"noreferrer noopener\">Visite guide\u0301e du Centre cantonale pour la p\u00eache de Gle\u0301resse<\/a><\/li><li><a href=\"https:\/\/www.fischweg.ch\/wp-content\/uploads\/2021\/10\/Fuehrungen.pdf\" target=\"_blank\" rel=\"noreferrer noopener\">Visite guide\u0301e du Sentier des poissons du lac de Bienne avec visite d'un vigneron dans sa cave<\/a><\/li><li><a href=\"https:\/\/www.fischweg.ch\/wp-content\/uploads\/2021\/10\/Fuehrungen.pdf\" target=\"_blank\" rel=\"noreferrer noopener\">Visite du Muse\u0301e de la vigne a\u0300 Chavannes\/Gle\u0301resse avec regard sur l'exposition sur la p\u00eache au lac de Bienne<\/a><\/li><li><a href=\"https:\/\/www.fischweg.ch\/wp-content\/uploads\/2021\/10\/Fuehrungen.pdf\" target=\"_blank\" rel=\"noreferrer noopener\">Visite du Muse\u0301e de la vigne avec ape\u0301ritif<\/a><\/li><li><a href=\"https:\/\/www.fischweg.ch\/wp-content\/uploads\/2021\/10\/Fuehrungen.pdf\" target=\"_blank\" rel=\"noreferrer noopener\">Visite d'un p\u00eacheur professionnel dans sa p\u00eacherie<\/a><\/li><\/ul>\n\n\n\n<p>Trouvez ici ce dont vous avez envie. &gt; <strong><a href=\"https:\/\/www.fischweg.ch\/fr\/?page_id=186\">Envie de plus<\/a><\/strong>.<\/p>","protected":false},"excerpt":{"rendered":"<p>In Begleitung eines fachkundigen F\u00fchrers, wird Ihr Besuch am Fischweg zu einem ganz speziellen Erlebnis. Sie k\u00f6nnen bereits bei der Anmeldung Akzente setzen und einzelne Theman aus dem Angebot der 9 Stationen ausw\u00e4hlen.Es gibt Stationen mit Extras, welche den Besuchern im Rahmen einer F\u00fchrung exklusive zur Verf\u00fcgung stehen. Bitte kontaktieren Sie uns\u00a0 > Kontakt Dem&hellip; <a class=\"more-link\" href=\"https:\/\/www.fischweg.ch\/fr\/fuehrungen\/\">Poursuivre la lecture <span class=\"screen-reader-text\">Visites guid\u00e9es<\/span><\/a><\/p>","protected":false},"author":1,"featured_media":0,"parent":0,"menu_order":0,"comment_status":"closed","ping_status":"closed","template":"","meta":{"footnotes":""},"class_list":["post-118","page","type-page","status-publish","hentry","entry"],"_links":{"self":[{"href":"https:\/\/www.fischweg.ch\/fr\/wp-json\/wp\/v2\/pages\/118","targetHints":{"allow":["GET"]}}],"collection":[{"href":"https:\/\/www.fischweg.ch\/fr\/wp-json\/wp\/v2\/pages"}],"about":[{"href":"https:\/\/www.fischweg.ch\/fr\/wp-json\/wp\/v2\/types\/page"}],"author":[{"embeddable":true,"href":"https:\/\/www.fischweg.ch\/fr\/wp-json\/wp\/v2\/users\/1"}],"replies":[{"embeddable":true,"href":"https:\/\/www.fischweg.ch\/fr\/wp-json\/wp\/v2\/comments?post=118"}],"version-history":[{"count":5,"href":"https:\/\/www.fischweg.ch\/fr\/wp-json\/wp\/v2\/pages\/118\/revisions"}],"predecessor-version":[{"id":309,"href":"https:\/\/www.fischweg.ch\/fr\/wp-json\/wp\/v2\/pages\/118\/revisions\/309"}],"wp:attachment":[{"href":"https:\/\/www.fischweg.ch\/fr\/wp-json\/wp\/v2\/media?parent=118"}],"curies":[{"name":"wp","href":"https:\/\/api.w.org\/{rel}","templated":true}]}}