{"id":115,"date":"2021-10-05T14:32:55","date_gmt":"2021-10-05T14:32:55","guid":{"rendered":"https:\/\/www.fischweg.ch\/?page_id=115"},"modified":"2021-10-05T14:32:55","modified_gmt":"2021-10-05T14:32:55","slug":"ihr-besuch","status":"publish","type":"page","link":"https:\/\/www.fischweg.ch\/fr\/ihr-besuch\/","title":{"rendered":"Votre excursion"},"content":{"rendered":"<p>Le sentier de la nature entre les deux embarcad\u00e8res s\u2019\u00e9tend pratiquement \u00e0 plat sur 2 km, id\u00e9als pour les familles et landaus, mais aussi pour les marcheurs plus \u00e2g\u00e9s. Pour les conducteurs de bicyclette et de chaises roulantes il y a quelques passages \u00e9troits. Le trajet est accessible toute l\u2019ann\u00e9e. Planifiez en tout environ 1 \u00e0 2 heures pour cette visite.<\/p>\n\n\n\n<p>Par beau temps, la place de pique-nique avec un gril vous invite \u00e0 y demeurer dans \u2019Chly Twann\u2019. Pour nos petits, de beaux terrains de jeux \u00e0 Douanne et Gl\u00e9resse vont faire leur joie.<\/p>\n\n\n\n<p>Et en \u00e9t\u00e9, vous pouvez vous rafraichir dans le bain de Douanne apr\u00e8s votre ballade.<\/p>\n\n\n\n<figure class=\"wp-block-image size-full\"><img loading=\"lazy\" decoding=\"async\" width=\"1024\" height=\"681\" src=\"https:\/\/www.fischweg.ch\/wp-content\/uploads\/2021\/10\/DSC_8047-001.jpg\" alt=\"\" class=\"wp-image-116\" srcset=\"https:\/\/www.fischweg.ch\/wp-content\/uploads\/2021\/10\/DSC_8047-001.jpg 1024w, https:\/\/www.fischweg.ch\/wp-content\/uploads\/2021\/10\/DSC_8047-001-300x200.jpg 300w, https:\/\/www.fischweg.ch\/wp-content\/uploads\/2021\/10\/DSC_8047-001-768x511.jpg 768w\" sizes=\"auto, (max-width: 1024px) 100vw, 1024px\" \/><\/figure>","protected":false},"excerpt":{"rendered":"<p>Der Fischweg beginnt und endet bei der Schiffl\u00e4ndte in Twann oder Ligerz mit einer Distanz von rund 2 Kilometern. Dieser Naturweg, praktisch ohne Steigungen, eignet sich f\u00fcr Familien mit Kinderwagen und auch f\u00fcr \u00e4ltere Besucher. F\u00fcr Velo- und Rollstuhlfahrer gibt es einige sehr enge Passagen! Die Strecke ist das ganze Jahr begehbar. Planen Sie f\u00fcr&hellip; <a class=\"more-link\" href=\"https:\/\/www.fischweg.ch\/fr\/ihr-besuch\/\">Poursuivre la lecture <span class=\"screen-reader-text\">Votre excursion<\/span><\/a><\/p>","protected":false},"author":1,"featured_media":0,"parent":0,"menu_order":0,"comment_status":"closed","ping_status":"closed","template":"","meta":{"footnotes":""},"class_list":["post-115","page","type-page","status-publish","hentry","entry"],"_links":{"self":[{"href":"https:\/\/www.fischweg.ch\/fr\/wp-json\/wp\/v2\/pages\/115","targetHints":{"allow":["GET"]}}],"collection":[{"href":"https:\/\/www.fischweg.ch\/fr\/wp-json\/wp\/v2\/pages"}],"about":[{"href":"https:\/\/www.fischweg.ch\/fr\/wp-json\/wp\/v2\/types\/page"}],"author":[{"embeddable":true,"href":"https:\/\/www.fischweg.ch\/fr\/wp-json\/wp\/v2\/users\/1"}],"replies":[{"embeddable":true,"href":"https:\/\/www.fischweg.ch\/fr\/wp-json\/wp\/v2\/comments?post=115"}],"version-history":[{"count":1,"href":"https:\/\/www.fischweg.ch\/fr\/wp-json\/wp\/v2\/pages\/115\/revisions"}],"predecessor-version":[{"id":117,"href":"https:\/\/www.fischweg.ch\/fr\/wp-json\/wp\/v2\/pages\/115\/revisions\/117"}],"wp:attachment":[{"href":"https:\/\/www.fischweg.ch\/fr\/wp-json\/wp\/v2\/media?parent=115"}],"curies":[{"name":"wp","href":"https:\/\/api.w.org\/{rel}","templated":true}]}}