{"id":111,"date":"2021-10-05T14:31:03","date_gmt":"2021-10-05T14:31:03","guid":{"rendered":"https:\/\/www.fischweg.ch\/?page_id=111"},"modified":"2021-10-05T14:31:03","modified_gmt":"2021-10-05T14:31:03","slug":"anreise","status":"publish","type":"page","link":"https:\/\/www.fischweg.ch\/fr\/anreise\/","title":{"rendered":"Arriv\u00e9e"},"content":{"rendered":"<p class=\"translation-block\">Le sentier s\u2019\u00e9tend sur la rive entre les villages viticoles de Douanne et Gl\u00e9resse et il peut aussi \u00eatre entam\u00e9 en direction oppos\u00e9. Dans les deux villages, il commence ou aboutit pr\u00e8s des embarcad\u00e8res r\u00e9ciproques, les gares s\u2019y trouvent tout pr\u00e8s.<br>\nVotre visite en bateau peut se planifier avec une escale. Le trajet entre les deux embarcad\u00e8res dure environ 1 h.<\/p>\n\n\n\n<p><strong>Visite en transport public<\/strong><br>Toutes les heures et sans changement, les trains r\u00e9gionaux vous emm\u00e8nent de Bienne \/ Neuch\u00e2tel \u00e0 Douanne \/ Gl\u00e9resse.\nvoir   &gt; <a href=\"http:\/\/www.sbb.ch\">www.sbb.ch<\/a><br>En bateau, le voyage vous conduit directement aux embarcad\u00e8res de Douanne resp. Gl\u00e9resse.\nvoir   &gt;\u00a0<br>> <a href=\"http:\/\/www.bielersee.ch\">www.bielersee.ch<\/a>\u00a0\u00a0 > <a href=\"http:\/\/www.navig.ch\">www.navig.ch<\/a><\/p>\n\n\n\n<figure class=\"wp-block-image size-full\"><img loading=\"lazy\" decoding=\"async\" width=\"850\" height=\"286\" src=\"https:\/\/www.fischweg.ch\/wp-content\/uploads\/2021\/10\/Plan_Ligerz-Twann.png\" alt=\"\" class=\"wp-image-112\" srcset=\"https:\/\/www.fischweg.ch\/wp-content\/uploads\/2021\/10\/Plan_Ligerz-Twann.png 850w, https:\/\/www.fischweg.ch\/wp-content\/uploads\/2021\/10\/Plan_Ligerz-Twann-300x101.png 300w, https:\/\/www.fischweg.ch\/wp-content\/uploads\/2021\/10\/Plan_Ligerz-Twann-768x258.png 768w\" sizes=\"auto, (max-width: 850px) 100vw, 850px\" \/><\/figure>","protected":false},"excerpt":{"rendered":"<p>Der Fischweg am Bielersee zwischen den Winzerd\u00f6rfern Ligerz und Twann f\u00fchrt&nbsp; am Ufer des Bielersees entlang. Der Fischlehrpfad ist auch in umgekehrter Richtung begehbar. In beiden D\u00f6rfern beginnt oder endet er an der Schiffl\u00e4ndte. Der Bahnhof befindet sich ebenfalls in unmittelbarer N\u00e4he des Uferweges.Ein Besuch des Fischweges l\u00e4sst sich auch als Unterbruch einer Schiffahrt gut&hellip; <a class=\"more-link\" href=\"https:\/\/www.fischweg.ch\/fr\/anreise\/\">Poursuivre la lecture <span class=\"screen-reader-text\">Arriv\u00e9e<\/span><\/a><\/p>","protected":false},"author":1,"featured_media":0,"parent":0,"menu_order":0,"comment_status":"closed","ping_status":"closed","template":"","meta":{"footnotes":""},"class_list":["post-111","page","type-page","status-publish","hentry","entry"],"_links":{"self":[{"href":"https:\/\/www.fischweg.ch\/fr\/wp-json\/wp\/v2\/pages\/111","targetHints":{"allow":["GET"]}}],"collection":[{"href":"https:\/\/www.fischweg.ch\/fr\/wp-json\/wp\/v2\/pages"}],"about":[{"href":"https:\/\/www.fischweg.ch\/fr\/wp-json\/wp\/v2\/types\/page"}],"author":[{"embeddable":true,"href":"https:\/\/www.fischweg.ch\/fr\/wp-json\/wp\/v2\/users\/1"}],"replies":[{"embeddable":true,"href":"https:\/\/www.fischweg.ch\/fr\/wp-json\/wp\/v2\/comments?post=111"}],"version-history":[{"count":1,"href":"https:\/\/www.fischweg.ch\/fr\/wp-json\/wp\/v2\/pages\/111\/revisions"}],"predecessor-version":[{"id":113,"href":"https:\/\/www.fischweg.ch\/fr\/wp-json\/wp\/v2\/pages\/111\/revisions\/113"}],"wp:attachment":[{"href":"https:\/\/www.fischweg.ch\/fr\/wp-json\/wp\/v2\/media?parent=111"}],"curies":[{"name":"wp","href":"https:\/\/api.w.org\/{rel}","templated":true}]}}