{"id":108,"date":"2021-10-05T14:28:11","date_gmt":"2021-10-05T14:28:11","guid":{"rendered":"https:\/\/www.fischweg.ch\/?page_id=108"},"modified":"2021-10-05T14:28:11","modified_gmt":"2021-10-05T14:28:11","slug":"impressum","status":"publish","type":"page","link":"https:\/\/www.fischweg.ch\/fr\/impressum\/","title":{"rendered":"Mentions l\u00e9gales"},"content":{"rendered":"<p><strong>Mentions l\u00e9gales<\/strong><\/p>\n\n\n\n<p>Objets : Association \u2018Sentier des poissons du Lac de Bienne\u2019<\/p>\n\n\n\n<p>Contact: <a href=\"mailto:info@fischweg.ch\">info@fischweg.ch<\/a><\/p>\n\n\n\n<p>Conception \u2018Sentier des poissons\u2019 : Wederwerk, Olten<\/p>\n\n\n\n<p>R\u00e9alisation Site Web : Wolfsweb, Gl\u00e9resse<\/p>\n\n\n\n<p><strong>Copyright<\/strong><\/p>\n\n\n\n<p>Le t\u00e9l\u00e9chargement et la reproduction des pages du site  sont uniquement permis \u00e0 titre priv\u00e9. Ils sont soumis au droit d\u2019auteur. La reproduction, la repr\u00e9sentation, diffusion m\u00eame int\u00e9grale et chaque transformation en dehors des limites du droit d\u2019auteur exigent l'approbation par \u00e9crit de l'auteur respectivement de son \u00e9diteur.<\/p>\n\n\n\n<p><strong>Disclaimer \/ Close de non-responsabilit\u00e9<\/strong><\/p>\n\n\n\n<p class=\"translation-block\">Les contenus de pages du site  ont \u00e9t\u00e9 soigneusement \u00e9labor\u00e9s. Aucune garantie ne peut \u00eatre accord\u00e9e concernant la v\u00e9racit\u00e9, l\u2019int\u00e9grit\u00e9 et l\u2019actualit\u00e9. Chaque repr\u00e9sentant est responsable pour la mise en place des contenus correspondants.<\/p>","protected":false},"excerpt":{"rendered":"<p>Impressum Inhalte: Verein Fischweg am Bielersee Kontakt: info@fischweg.ch Gestaltung Fischweg: Wederwerk, Olten Umsetzung Web: Wolfsweb, Ligerz Copyright Downloads und Kopien aus Inhalten der Seiten von &lt;www.fischweg.ch&gt; sind nur f\u00fcr den privaten, nicht kommerziellen Gebrauch gestattet, sie unterliegen dem Urheberrecht. Die Vervielf\u00e4ltigung, Bearbeitung, Verbreitung und jede Art der Verwertung ausserhalb der Grenzen des Urheberrechtes bed\u00fcrfen der&hellip; <a class=\"more-link\" href=\"https:\/\/www.fischweg.ch\/fr\/impressum\/\">Poursuivre la lecture <span class=\"screen-reader-text\">Mentions l\u00e9gales<\/span><\/a><\/p>","protected":false},"author":1,"featured_media":0,"parent":0,"menu_order":0,"comment_status":"closed","ping_status":"closed","template":"","meta":{"footnotes":""},"class_list":["post-108","page","type-page","status-publish","hentry","entry"],"_links":{"self":[{"href":"https:\/\/www.fischweg.ch\/fr\/wp-json\/wp\/v2\/pages\/108","targetHints":{"allow":["GET"]}}],"collection":[{"href":"https:\/\/www.fischweg.ch\/fr\/wp-json\/wp\/v2\/pages"}],"about":[{"href":"https:\/\/www.fischweg.ch\/fr\/wp-json\/wp\/v2\/types\/page"}],"author":[{"embeddable":true,"href":"https:\/\/www.fischweg.ch\/fr\/wp-json\/wp\/v2\/users\/1"}],"replies":[{"embeddable":true,"href":"https:\/\/www.fischweg.ch\/fr\/wp-json\/wp\/v2\/comments?post=108"}],"version-history":[{"count":1,"href":"https:\/\/www.fischweg.ch\/fr\/wp-json\/wp\/v2\/pages\/108\/revisions"}],"predecessor-version":[{"id":109,"href":"https:\/\/www.fischweg.ch\/fr\/wp-json\/wp\/v2\/pages\/108\/revisions\/109"}],"wp:attachment":[{"href":"https:\/\/www.fischweg.ch\/fr\/wp-json\/wp\/v2\/media?parent=108"}],"curies":[{"name":"wp","href":"https:\/\/api.w.org\/{rel}","templated":true}]}}